{"id":98,"date":"2022-02-24T17:20:00","date_gmt":"2022-02-24T17:20:00","guid":{"rendered":"https:\/\/nollatruellar.at\/cms\/?page_id=98"},"modified":"2024-11-14T13:10:22","modified_gmt":"2024-11-14T13:10:22","slug":"2004-stefan-pia","status":"publish","type":"page","link":"https:\/\/nollatruellar.at\/cms\/unsere-altprinzessinnenpaare\/2004-stefan-pia\/","title":{"rendered":"2004 &#8211; Stefan I. &amp; Pia I."},"content":{"rendered":"<div class=\"wp-block-image\">\n<figure class=\"aligncenter size-full\"><img loading=\"lazy\" decoding=\"async\" width=\"1024\" height=\"768\" src=\"https:\/\/nollatruellar.at\/cms\/wp-content\/uploads\/2024\/11\/00490.jpg\" alt=\"\" class=\"wp-image-533\" srcset=\"https:\/\/nollatruellar.at\/cms\/wp-content\/uploads\/2024\/11\/00490.jpg 1024w, https:\/\/nollatruellar.at\/cms\/wp-content\/uploads\/2024\/11\/00490-300x225.jpg 300w, https:\/\/nollatruellar.at\/cms\/wp-content\/uploads\/2024\/11\/00490-768x576.jpg 768w\" sizes=\"auto, (max-width: 767px) 89vw, (max-width: 1000px) 54vw, (max-width: 1071px) 543px, 580px\" \/><figcaption class=\"wp-element-caption\">2004 &#8211; Stefan &amp; Pia<\/figcaption><\/figure>\n<\/div>\n\n\n<p><strong>Prinz Stefan I., Nollatr\u00fcllar IX.<\/strong><\/p>\n\n\n\n<p>Edler Sch\u00f6nling fern geboren hinter dem Arlberg, auf dem Schlosse Grieskirchen<br>Smarter T\u00e4nzer auf allen Parketten<br>Gestrenger H\u00fcter von Sitte und Moralweit \u00fcber die Fluh hinaus, <br>3.Star-Trompeter und trinkfester Tr\u00e4ger des Sitzfleischordens <br>Kinderliebender, ruhender Herrscher auf der heimischen Couch<\/p>\n\n\n\n<p><strong>Ihre Lieblichkeit Prinzessin Pia I.<\/strong><\/p>\n\n\n\n<p>Turboprinzessin in allen Gassen<br>Hochwohlgeborene Freiherrin von Hasling aus dem Traktorenland,<br>Temperamentvolle Chors\u00e4ngerin mit heilenden H\u00e4nden,<br>Erfolgreiche Herrscherin \u00fcber das schlosserische Familienorchester,<br>Elegante Clubt\u00e4nzerin mit Vorliebe f\u00fcr den Kriminaltango,<br>Spontane Managerin des generalstabsm\u00e4\u00dfig gef\u00fchrten Hofes<\/p>\n","protected":false},"excerpt":{"rendered":"<p>Prinz Stefan I., Nollatr\u00fcllar IX. Edler Sch\u00f6nling fern geboren hinter dem Arlberg, auf dem Schlosse GrieskirchenSmarter T\u00e4nzer auf allen ParkettenGestrenger H\u00fcter von Sitte und Moralweit \u00fcber die Fluh hinaus, 3.Star-Trompeter und trinkfester Tr\u00e4ger des Sitzfleischordens Kinderliebender, ruhender Herrscher auf der heimischen Couch Ihre Lieblichkeit Prinzessin Pia I. Turboprinzessin in allen GassenHochwohlgeborene Freiherrin von Hasling aus &hellip; <\/p>\n<p class=\"link-more\"><a href=\"https:\/\/nollatruellar.at\/cms\/unsere-altprinzessinnenpaare\/2004-stefan-pia\/\" class=\"more-link\"><span class=\"screen-reader-text\">\u201e2004 &#8211; Stefan I. &amp; Pia I.\u201c<\/span> weiterlesen<\/a><\/p>\n","protected":false},"author":1,"featured_media":0,"parent":579,"menu_order":0,"comment_status":"closed","ping_status":"closed","template":"","meta":{"footnotes":""},"class_list":["post-98","page","type-page","status-publish","hentry"],"_links":{"self":[{"href":"https:\/\/nollatruellar.at\/cms\/wp-json\/wp\/v2\/pages\/98","targetHints":{"allow":["GET"]}}],"collection":[{"href":"https:\/\/nollatruellar.at\/cms\/wp-json\/wp\/v2\/pages"}],"about":[{"href":"https:\/\/nollatruellar.at\/cms\/wp-json\/wp\/v2\/types\/page"}],"author":[{"embeddable":true,"href":"https:\/\/nollatruellar.at\/cms\/wp-json\/wp\/v2\/users\/1"}],"replies":[{"embeddable":true,"href":"https:\/\/nollatruellar.at\/cms\/wp-json\/wp\/v2\/comments?post=98"}],"version-history":[{"count":2,"href":"https:\/\/nollatruellar.at\/cms\/wp-json\/wp\/v2\/pages\/98\/revisions"}],"predecessor-version":[{"id":534,"href":"https:\/\/nollatruellar.at\/cms\/wp-json\/wp\/v2\/pages\/98\/revisions\/534"}],"up":[{"embeddable":true,"href":"https:\/\/nollatruellar.at\/cms\/wp-json\/wp\/v2\/pages\/579"}],"wp:attachment":[{"href":"https:\/\/nollatruellar.at\/cms\/wp-json\/wp\/v2\/media?parent=98"}],"curies":[{"name":"wp","href":"https:\/\/api.w.org\/{rel}","templated":true}]}}