{"id":96,"date":"2022-02-24T17:17:39","date_gmt":"2022-02-24T17:17:39","guid":{"rendered":"https:\/\/nollatruellar.at\/cms\/?page_id=96"},"modified":"2024-11-14T13:10:15","modified_gmt":"2024-11-14T13:10:15","slug":"2003-klaus-conny","status":"publish","type":"page","link":"https:\/\/nollatruellar.at\/cms\/unsere-altprinzessinnenpaare\/2003-klaus-conny\/","title":{"rendered":"2003 &#8211; Klaus &#038; Conny"},"content":{"rendered":"\n<div class=\"wp-block-image\"><figure class=\"aligncenter size-full\"><img loading=\"lazy\" decoding=\"async\" width=\"400\" height=\"577\" src=\"https:\/\/nollatruellar.at\/cms\/wp-content\/uploads\/2022\/02\/2003_KlausConny.jpg\" alt=\"2003 - Klaus &amp; Conny\" class=\"wp-image-37\" srcset=\"https:\/\/nollatruellar.at\/cms\/wp-content\/uploads\/2022\/02\/2003_KlausConny.jpg 400w, https:\/\/nollatruellar.at\/cms\/wp-content\/uploads\/2022\/02\/2003_KlausConny-208x300.jpg 208w\" sizes=\"auto, (max-width: 400px) 100vw, 400px\" \/><figcaption>2003 &#8211; Klaus &#038; Conny<\/figcaption><\/figure><\/div>\n\n\n\n<p><strong>Prinz Nikolaus Josef Johann I., Nollatr\u00fcllar VIII.<\/strong><\/p>\n\n\n\n<p>Edler von Tr\u00fcbenbach zu Unterfluh<br>Hochwohlgeborener Spross der V\u00f6gelsippe<br>Leidenschaftlicher Gulaschkoch mit ausgepr\u00e4gter Vorliebe f\u00fcr Audi und VW<br>Weiser Berater der Pfarrgemeinde und wackerer Posaunist der\u00a0Guggamusik<br>Feuriger Verehrer von schwarzen Schafen, rassigen Hasen, flotten<br>K\u00e4fern und alten Traktoren<\/p>\n\n\n\n<p><strong>Ihre Lieblichkeit Prinzessin Conny I.<\/strong><\/p>\n\n\n\n<p>Lieblichkeit vom Herzenmoos<br>Liebevolle Erzieherin der edlen Nachkommenschaft<br>Kreative Expertin f\u00fcr Haare und Pinsel mit leichtem Hang zu starken Bargetr\u00e4nken<br>Kompetente Rechtsberaterin in allen Lebenslagen<\/p>\n","protected":false},"excerpt":{"rendered":"<p>Prinz Nikolaus Josef Johann I., Nollatr\u00fcllar VIII. Edler von Tr\u00fcbenbach zu UnterfluhHochwohlgeborener Spross der V\u00f6gelsippeLeidenschaftlicher Gulaschkoch mit ausgepr\u00e4gter Vorliebe f\u00fcr Audi und VWWeiser Berater der Pfarrgemeinde und wackerer Posaunist der\u00a0GuggamusikFeuriger Verehrer von schwarzen Schafen, rassigen Hasen, flottenK\u00e4fern und alten Traktoren Ihre Lieblichkeit Prinzessin Conny I. Lieblichkeit vom HerzenmoosLiebevolle Erzieherin der edlen NachkommenschaftKreative Expertin f\u00fcr Haare &hellip; <\/p>\n<p class=\"link-more\"><a href=\"https:\/\/nollatruellar.at\/cms\/unsere-altprinzessinnenpaare\/2003-klaus-conny\/\" class=\"more-link\"><span class=\"screen-reader-text\">\u201e2003 &#8211; Klaus &#038; Conny\u201c<\/span> weiterlesen<\/a><\/p>\n","protected":false},"author":1,"featured_media":0,"parent":579,"menu_order":0,"comment_status":"closed","ping_status":"closed","template":"","meta":{"footnotes":""},"class_list":["post-96","page","type-page","status-publish","hentry"],"_links":{"self":[{"href":"https:\/\/nollatruellar.at\/cms\/wp-json\/wp\/v2\/pages\/96","targetHints":{"allow":["GET"]}}],"collection":[{"href":"https:\/\/nollatruellar.at\/cms\/wp-json\/wp\/v2\/pages"}],"about":[{"href":"https:\/\/nollatruellar.at\/cms\/wp-json\/wp\/v2\/types\/page"}],"author":[{"embeddable":true,"href":"https:\/\/nollatruellar.at\/cms\/wp-json\/wp\/v2\/users\/1"}],"replies":[{"embeddable":true,"href":"https:\/\/nollatruellar.at\/cms\/wp-json\/wp\/v2\/comments?post=96"}],"version-history":[{"count":1,"href":"https:\/\/nollatruellar.at\/cms\/wp-json\/wp\/v2\/pages\/96\/revisions"}],"predecessor-version":[{"id":97,"href":"https:\/\/nollatruellar.at\/cms\/wp-json\/wp\/v2\/pages\/96\/revisions\/97"}],"up":[{"embeddable":true,"href":"https:\/\/nollatruellar.at\/cms\/wp-json\/wp\/v2\/pages\/579"}],"wp:attachment":[{"href":"https:\/\/nollatruellar.at\/cms\/wp-json\/wp\/v2\/media?parent=96"}],"curies":[{"name":"wp","href":"https:\/\/api.w.org\/{rel}","templated":true}]}}