{"id":82,"date":"2022-02-24T17:02:04","date_gmt":"2022-02-24T17:02:04","guid":{"rendered":"https:\/\/nollatruellar.at\/cms\/?page_id=82"},"modified":"2024-11-18T14:16:55","modified_gmt":"2024-11-18T14:16:55","slug":"1997-edi-ingrid","status":"publish","type":"page","link":"https:\/\/nollatruellar.at\/cms\/unsere-altprinzessinnenpaare\/1997-edi-ingrid\/","title":{"rendered":"1997 &#8211; Edi &#038; Ingrid"},"content":{"rendered":"<div class=\"wp-block-image is-style-rounded\">\n<figure class=\"aligncenter size-full\"><img loading=\"lazy\" decoding=\"async\" width=\"597\" height=\"876\" src=\"https:\/\/nollatruellar.at\/cms\/wp-content\/uploads\/2024\/11\/Fasching-19970020a.jpg\" alt=\"\" class=\"wp-image-524\" srcset=\"https:\/\/nollatruellar.at\/cms\/wp-content\/uploads\/2024\/11\/Fasching-19970020a.jpg 597w, https:\/\/nollatruellar.at\/cms\/wp-content\/uploads\/2024\/11\/Fasching-19970020a-204x300.jpg 204w\" sizes=\"auto, (max-width: 597px) 100vw, 597px\" \/><figcaption class=\"wp-element-caption\">1997 &#8211; Edi und Ingrid<\/figcaption><\/figure>\n<\/div>\n\n\n<p><strong>Prinz Edi I., Nollatr\u00fcllar II.<\/strong><br>Edler vom Tr\u00fcbenbach <br>Beherrscher der gefl\u00fcgelten H\u00f6rner<br>Herr \u00fcber schwebende Bahnen und fliehende R\u00f6sser<\/p>\n\n\n\n<p><strong>Ihre Lieblichkeit Prinzessin Ingrid I.<\/strong><br>Von Krummenbach zu Tr\u00fcbenbach<br>K\u00f6nigin der blitzenden Augen<br>Gebieterin \u00fcber Haus und ihre Mannen<\/p>\n","protected":false},"excerpt":{"rendered":"<p>Prinz Edi I., Nollatr\u00fcllar II.Edler vom Tr\u00fcbenbach Beherrscher der gefl\u00fcgelten H\u00f6rnerHerr \u00fcber schwebende Bahnen und fliehende R\u00f6sser Ihre Lieblichkeit Prinzessin Ingrid I.Von Krummenbach zu Tr\u00fcbenbachK\u00f6nigin der blitzenden AugenGebieterin \u00fcber Haus und ihre Mannen<\/p>\n","protected":false},"author":1,"featured_media":0,"parent":579,"menu_order":0,"comment_status":"closed","ping_status":"closed","template":"","meta":{"footnotes":""},"class_list":["post-82","page","type-page","status-publish","hentry"],"_links":{"self":[{"href":"https:\/\/nollatruellar.at\/cms\/wp-json\/wp\/v2\/pages\/82","targetHints":{"allow":["GET"]}}],"collection":[{"href":"https:\/\/nollatruellar.at\/cms\/wp-json\/wp\/v2\/pages"}],"about":[{"href":"https:\/\/nollatruellar.at\/cms\/wp-json\/wp\/v2\/types\/page"}],"author":[{"embeddable":true,"href":"https:\/\/nollatruellar.at\/cms\/wp-json\/wp\/v2\/users\/1"}],"replies":[{"embeddable":true,"href":"https:\/\/nollatruellar.at\/cms\/wp-json\/wp\/v2\/comments?post=82"}],"version-history":[{"count":3,"href":"https:\/\/nollatruellar.at\/cms\/wp-json\/wp\/v2\/pages\/82\/revisions"}],"predecessor-version":[{"id":591,"href":"https:\/\/nollatruellar.at\/cms\/wp-json\/wp\/v2\/pages\/82\/revisions\/591"}],"up":[{"embeddable":true,"href":"https:\/\/nollatruellar.at\/cms\/wp-json\/wp\/v2\/pages\/579"}],"wp:attachment":[{"href":"https:\/\/nollatruellar.at\/cms\/wp-json\/wp\/v2\/media?parent=82"}],"curies":[{"name":"wp","href":"https:\/\/api.w.org\/{rel}","templated":true}]}}