{"id":78,"date":"2022-02-24T16:57:47","date_gmt":"2022-02-24T16:57:47","guid":{"rendered":"https:\/\/nollatruellar.at\/cms\/?page_id=78"},"modified":"2024-11-14T13:09:02","modified_gmt":"2024-11-14T13:09:02","slug":"1996-peter-renate","status":"publish","type":"page","link":"https:\/\/nollatruellar.at\/cms\/unsere-altprinzessinnenpaare\/1996-peter-renate\/","title":{"rendered":"1996 &#8211; Peter &#038; Renate"},"content":{"rendered":"<div class=\"wp-block-image\">\n<figure class=\"aligncenter size-full is-resized\"><img loading=\"lazy\" decoding=\"async\" width=\"400\" height=\"577\" src=\"https:\/\/nollatruellar.at\/cms\/wp-content\/uploads\/2022\/02\/1996_PeterRenate.jpg\" alt=\"1996 - Peter und Renate\" class=\"wp-image-30\" style=\"width:356px;height:auto\" srcset=\"https:\/\/nollatruellar.at\/cms\/wp-content\/uploads\/2022\/02\/1996_PeterRenate.jpg 400w, https:\/\/nollatruellar.at\/cms\/wp-content\/uploads\/2022\/02\/1996_PeterRenate-208x300.jpg 208w\" sizes=\"auto, (max-width: 400px) 100vw, 400px\" \/><figcaption class=\"wp-element-caption\">1996 &#8211; Peter und Renate<\/figcaption><\/figure>\n<\/div>\n\n\n<p><strong>Prinz Peter I., Nollatr\u00fcllar I<\/strong>.<br>Freisch\u00fctz von Tr\u00fcbenbach und Fluh, <br>Herr von Blitz, Schutz und Feuer,<br>Meister aller Kurzen und Langen<\/p>\n\n\n\n<p><strong>Ihre Lieblichkeit Prinzessin Renate I<\/strong>.<br>vom MV Fluh, Beherrscherin der Klarinetten,<br>Regentin \u00fcber Glas und Bruch<\/p>\n\n\n\n<figure class=\"wp-block-image size-large is-resized\"><img loading=\"lazy\" decoding=\"async\" width=\"682\" height=\"1024\" src=\"https:\/\/nollatruellar.at\/cms\/wp-content\/uploads\/2024\/11\/1995-11-11-Faschingsbeginn004-682x1024.png\" alt=\"\" class=\"wp-image-496\" style=\"width:548px;height:auto\" srcset=\"https:\/\/nollatruellar.at\/cms\/wp-content\/uploads\/2024\/11\/1995-11-11-Faschingsbeginn004-682x1024.png 682w, https:\/\/nollatruellar.at\/cms\/wp-content\/uploads\/2024\/11\/1995-11-11-Faschingsbeginn004-200x300.png 200w, https:\/\/nollatruellar.at\/cms\/wp-content\/uploads\/2024\/11\/1995-11-11-Faschingsbeginn004-768x1153.png 768w, https:\/\/nollatruellar.at\/cms\/wp-content\/uploads\/2024\/11\/1995-11-11-Faschingsbeginn004.png 990w\" sizes=\"auto, (max-width: 682px) 100vw, 682px\" \/><\/figure>\n","protected":false},"excerpt":{"rendered":"<p>Prinz Peter I., Nollatr\u00fcllar I.Freisch\u00fctz von Tr\u00fcbenbach und Fluh, Herr von Blitz, Schutz und Feuer,Meister aller Kurzen und Langen Ihre Lieblichkeit Prinzessin Renate I.vom MV Fluh, Beherrscherin der Klarinetten,Regentin \u00fcber Glas und Bruch<\/p>\n","protected":false},"author":1,"featured_media":0,"parent":579,"menu_order":0,"comment_status":"closed","ping_status":"closed","template":"","meta":{"footnotes":""},"class_list":["post-78","page","type-page","status-publish","hentry"],"_links":{"self":[{"href":"https:\/\/nollatruellar.at\/cms\/wp-json\/wp\/v2\/pages\/78","targetHints":{"allow":["GET"]}}],"collection":[{"href":"https:\/\/nollatruellar.at\/cms\/wp-json\/wp\/v2\/pages"}],"about":[{"href":"https:\/\/nollatruellar.at\/cms\/wp-json\/wp\/v2\/types\/page"}],"author":[{"embeddable":true,"href":"https:\/\/nollatruellar.at\/cms\/wp-json\/wp\/v2\/users\/1"}],"replies":[{"embeddable":true,"href":"https:\/\/nollatruellar.at\/cms\/wp-json\/wp\/v2\/comments?post=78"}],"version-history":[{"count":3,"href":"https:\/\/nollatruellar.at\/cms\/wp-json\/wp\/v2\/pages\/78\/revisions"}],"predecessor-version":[{"id":526,"href":"https:\/\/nollatruellar.at\/cms\/wp-json\/wp\/v2\/pages\/78\/revisions\/526"}],"up":[{"embeddable":true,"href":"https:\/\/nollatruellar.at\/cms\/wp-json\/wp\/v2\/pages\/579"}],"wp:attachment":[{"href":"https:\/\/nollatruellar.at\/cms\/wp-json\/wp\/v2\/media?parent=78"}],"curies":[{"name":"wp","href":"https:\/\/api.w.org\/{rel}","templated":true}]}}