{"id":314,"date":"2023-01-30T14:46:29","date_gmt":"2023-01-30T14:46:29","guid":{"rendered":"https:\/\/nollatruellar.at\/cms\/?page_id=314"},"modified":"2025-10-28T15:10:45","modified_gmt":"2025-10-28T15:10:45","slug":"presse","status":"publish","type":"page","link":"https:\/\/nollatruellar.at\/cms\/presse\/","title":{"rendered":"Presse"},"content":{"rendered":"\n<p class=\"has-vivid-purple-color has-text-color has-small-font-size\">Wir tanzen auf dem Zebrastreifen<\/p>\n\n\n\n<p class=\"has-small-font-size\">Am 20. Juni 2023 war es soweit! Der einzige Zebrastreifen auf der Fluh erstrahlt jetzt in allen Farben! Ein ganz gro\u00dfes Dankesch\u00f6n an das ganze \u00d63-Wecker-Team. Danke Gabi Hiller und Philipp Hansa f\u00fcrs Pinseln!!! Danke an B\u00fcrgermeister Michael Ritsch und auch dem Land Vorarlberg, die schlie\u00dflich die erste Landesstra\u00dfe bunt bemalen lies. Danke allen, die mitgevotet und mitgefiebert haben und allen, die an diesem Tag da waren!!! Es war uns ein Fest!!! Und so wollen wir weiterhin f\u00fcr Respekt und Toleranz gegen\u00fcber Mitmenschen einstehen. Egal ob hetero, sch\u00f6n, schwul, noch sch\u00f6ner, dick, schwarz, rot, blau oder kariert &#8211; am Ende ist wichtig was wir im Herzen haben! <\/p>\n\n\n\n<figure class=\"wp-block-image size-large is-resized\"><img loading=\"lazy\" decoding=\"async\" width=\"1024\" height=\"1024\" src=\"https:\/\/nollatruellar.at\/cms\/wp-content\/uploads\/2023\/06\/Danke-1024x1024.png\" alt=\"\" class=\"wp-image-371\" style=\"width:322px;height:auto\" srcset=\"https:\/\/nollatruellar.at\/cms\/wp-content\/uploads\/2023\/06\/Danke-1024x1024.png 1024w, https:\/\/nollatruellar.at\/cms\/wp-content\/uploads\/2023\/06\/Danke-300x300.png 300w, https:\/\/nollatruellar.at\/cms\/wp-content\/uploads\/2023\/06\/Danke-150x150.png 150w, https:\/\/nollatruellar.at\/cms\/wp-content\/uploads\/2023\/06\/Danke-768x768.png 768w, https:\/\/nollatruellar.at\/cms\/wp-content\/uploads\/2023\/06\/Danke-100x100.png 100w, https:\/\/nollatruellar.at\/cms\/wp-content\/uploads\/2023\/06\/Danke.png 1080w\" sizes=\"auto, (max-width: 767px) 89vw, (max-width: 1000px) 54vw, (max-width: 1071px) 543px, 580px\" \/><\/figure>\n\n\n\n<p class=\"has-small-font-size\"><a href=\"https:\/\/tvthek.orf.at\/profile\/Vorarlberg-heute\/70024\/Vorarlberg-heute\/14183465\/Regenbogen-Zebrastreifen-in-Fluh\/15415686\">https:\/\/tvthek.orf.at\/profile\/Vorarlberg-heute\/70024\/Vora<\/a><\/p>\n\n\n\n<figure class=\"wp-block-gallery has-nested-images columns-default is-cropped wp-block-gallery-1 is-layout-flex wp-block-gallery-is-layout-flex\">\n<figure class=\"wp-block-image size-large\"><img loading=\"lazy\" decoding=\"async\" width=\"764\" height=\"1024\" data-id=\"322\" src=\"https:\/\/nollatruellar.at\/cms\/wp-content\/uploads\/2023\/01\/Bregenzer-Blaettle_171122-764x1024.jpg\" alt=\"\" class=\"wp-image-322\" srcset=\"https:\/\/nollatruellar.at\/cms\/wp-content\/uploads\/2023\/01\/Bregenzer-Blaettle_171122-764x1024.jpg 764w, https:\/\/nollatruellar.at\/cms\/wp-content\/uploads\/2023\/01\/Bregenzer-Blaettle_171122-224x300.jpg 224w, https:\/\/nollatruellar.at\/cms\/wp-content\/uploads\/2023\/01\/Bregenzer-Blaettle_171122-768x1029.jpg 768w, https:\/\/nollatruellar.at\/cms\/wp-content\/uploads\/2023\/01\/Bregenzer-Blaettle_171122-1146x1536.jpg 1146w, https:\/\/nollatruellar.at\/cms\/wp-content\/uploads\/2023\/01\/Bregenzer-Blaettle_171122.jpg 1417w\" sizes=\"auto, (max-width: 706px) 89vw, (max-width: 767px) 82vw, 740px\" \/><\/figure>\n\n\n\n<figure class=\"wp-block-image size-large\"><img loading=\"lazy\" decoding=\"async\" width=\"731\" height=\"1024\" data-id=\"323\" src=\"https:\/\/nollatruellar.at\/cms\/wp-content\/uploads\/2023\/01\/Mein-Bezirk_01-731x1024.png\" alt=\"\" class=\"wp-image-323\" srcset=\"https:\/\/nollatruellar.at\/cms\/wp-content\/uploads\/2023\/01\/Mein-Bezirk_01-731x1024.png 731w, https:\/\/nollatruellar.at\/cms\/wp-content\/uploads\/2023\/01\/Mein-Bezirk_01-214x300.png 214w, https:\/\/nollatruellar.at\/cms\/wp-content\/uploads\/2023\/01\/Mein-Bezirk_01-768x1076.png 768w, https:\/\/nollatruellar.at\/cms\/wp-content\/uploads\/2023\/01\/Mein-Bezirk_01.png 1006w\" sizes=\"auto, (max-width: 731px) 100vw, 731px\" \/><\/figure>\n\n\n\n<figure class=\"wp-block-image size-large\"><img loading=\"lazy\" decoding=\"async\" width=\"823\" height=\"1024\" data-id=\"324\" src=\"https:\/\/nollatruellar.at\/cms\/wp-content\/uploads\/2023\/01\/Mein-Bezirk_02-823x1024.png\" alt=\"\" class=\"wp-image-324\" srcset=\"https:\/\/nollatruellar.at\/cms\/wp-content\/uploads\/2023\/01\/Mein-Bezirk_02-823x1024.png 823w, https:\/\/nollatruellar.at\/cms\/wp-content\/uploads\/2023\/01\/Mein-Bezirk_02-241x300.png 241w, https:\/\/nollatruellar.at\/cms\/wp-content\/uploads\/2023\/01\/Mein-Bezirk_02-768x955.png 768w, https:\/\/nollatruellar.at\/cms\/wp-content\/uploads\/2023\/01\/Mein-Bezirk_02.png 1057w\" sizes=\"auto, (max-width: 767px) 89vw, (max-width: 1000px) 54vw, (max-width: 1071px) 543px, 580px\" \/><\/figure>\n<\/figure>\n\n\n\n<figure class=\"wp-block-gallery has-nested-images columns-default is-cropped wp-block-gallery-2 is-layout-flex wp-block-gallery-is-layout-flex\"><\/figure>\n\n\n\n<figure class=\"wp-block-image size-large is-resized\"><img loading=\"lazy\" decoding=\"async\" width=\"632\" height=\"1024\" src=\"https:\/\/nollatruellar.at\/cms\/wp-content\/uploads\/2023\/01\/Volat-Nov22-632x1024.jpg\" alt=\"\" class=\"wp-image-330\" style=\"width:456px;height:auto\" srcset=\"https:\/\/nollatruellar.at\/cms\/wp-content\/uploads\/2023\/01\/Volat-Nov22-632x1024.jpg 632w, https:\/\/nollatruellar.at\/cms\/wp-content\/uploads\/2023\/01\/Volat-Nov22-185x300.jpg 185w, https:\/\/nollatruellar.at\/cms\/wp-content\/uploads\/2023\/01\/Volat-Nov22-768x1245.jpg 768w, https:\/\/nollatruellar.at\/cms\/wp-content\/uploads\/2023\/01\/Volat-Nov22-948x1536.jpg 948w, https:\/\/nollatruellar.at\/cms\/wp-content\/uploads\/2023\/01\/Volat-Nov22-1263x2048.jpg 1263w, https:\/\/nollatruellar.at\/cms\/wp-content\/uploads\/2023\/01\/Volat-Nov22.jpg 1417w\" sizes=\"auto, (max-width: 632px) 100vw, 632px\" \/><figcaption class=\"wp-element-caption\"><strong>vol.at November 2022<\/strong><\/figcaption><\/figure>\n\n\n\n<figure class=\"wp-block-image size-large is-resized\"><img loading=\"lazy\" decoding=\"async\" width=\"1024\" height=\"814\" src=\"https:\/\/nollatruellar.at\/cms\/wp-content\/uploads\/2023\/01\/VN-1024x814.jpg\" alt=\"\" class=\"wp-image-325\" style=\"width:421px;height:auto\" srcset=\"https:\/\/nollatruellar.at\/cms\/wp-content\/uploads\/2023\/01\/VN-1024x814.jpg 1024w, https:\/\/nollatruellar.at\/cms\/wp-content\/uploads\/2023\/01\/VN-300x239.jpg 300w, https:\/\/nollatruellar.at\/cms\/wp-content\/uploads\/2023\/01\/VN-768x611.jpg 768w, https:\/\/nollatruellar.at\/cms\/wp-content\/uploads\/2023\/01\/VN-1536x1221.jpg 1536w, https:\/\/nollatruellar.at\/cms\/wp-content\/uploads\/2023\/01\/VN.jpg 1772w\" sizes=\"auto, (max-width: 767px) 89vw, (max-width: 1000px) 54vw, (max-width: 1071px) 543px, 580px\" \/><\/figure>\n\n\n\n<figure class=\"wp-block-image size-large is-resized\"><img loading=\"lazy\" decoding=\"async\" width=\"754\" height=\"1024\" src=\"https:\/\/nollatruellar.at\/cms\/wp-content\/uploads\/2023\/01\/Vorarlberg-ORF-754x1024.png\" alt=\"\" class=\"wp-image-326\" style=\"width:499px;height:auto\" srcset=\"https:\/\/nollatruellar.at\/cms\/wp-content\/uploads\/2023\/01\/Vorarlberg-ORF-754x1024.png 754w, https:\/\/nollatruellar.at\/cms\/wp-content\/uploads\/2023\/01\/Vorarlberg-ORF-221x300.png 221w, https:\/\/nollatruellar.at\/cms\/wp-content\/uploads\/2023\/01\/Vorarlberg-ORF-768x1042.png 768w, https:\/\/nollatruellar.at\/cms\/wp-content\/uploads\/2023\/01\/Vorarlberg-ORF-1132x1536.png 1132w, https:\/\/nollatruellar.at\/cms\/wp-content\/uploads\/2023\/01\/Vorarlberg-ORF.png 1296w\" sizes=\"auto, (max-width: 706px) 89vw, (max-width: 767px) 82vw, 740px\" \/><\/figure>\n\n\n\n<figure class=\"wp-block-image size-large is-resized\"><img loading=\"lazy\" decoding=\"async\" width=\"768\" height=\"1024\" src=\"https:\/\/nollatruellar.at\/cms\/wp-content\/uploads\/2023\/01\/Bregenzer-Blaettle_120123-13-768x1024.jpg\" alt=\"\" class=\"wp-image-327\" style=\"width:519px;height:auto\" srcset=\"https:\/\/nollatruellar.at\/cms\/wp-content\/uploads\/2023\/01\/Bregenzer-Blaettle_120123-13-768x1024.jpg 768w, https:\/\/nollatruellar.at\/cms\/wp-content\/uploads\/2023\/01\/Bregenzer-Blaettle_120123-13-225x300.jpg 225w, https:\/\/nollatruellar.at\/cms\/wp-content\/uploads\/2023\/01\/Bregenzer-Blaettle_120123-13-1152x1536.jpg 1152w, https:\/\/nollatruellar.at\/cms\/wp-content\/uploads\/2023\/01\/Bregenzer-Blaettle_120123-13.jpg 1417w\" sizes=\"auto, (max-width: 767px) 89vw, (max-width: 1000px) 54vw, (max-width: 1071px) 543px, 580px\" \/><\/figure>\n\n\n\n<figure class=\"wp-block-image size-large is-resized\"><img loading=\"lazy\" decoding=\"async\" width=\"606\" height=\"1024\" src=\"https:\/\/nollatruellar.at\/cms\/wp-content\/uploads\/2023\/01\/VOLat-Jaenner23-1-1-606x1024.jpg\" alt=\"\" class=\"wp-image-331\" style=\"width:449px;height:auto\" srcset=\"https:\/\/nollatruellar.at\/cms\/wp-content\/uploads\/2023\/01\/VOLat-Jaenner23-1-1-606x1024.jpg 606w, https:\/\/nollatruellar.at\/cms\/wp-content\/uploads\/2023\/01\/VOLat-Jaenner23-1-1-178x300.jpg 178w, https:\/\/nollatruellar.at\/cms\/wp-content\/uploads\/2023\/01\/VOLat-Jaenner23-1-1-768x1297.jpg 768w, https:\/\/nollatruellar.at\/cms\/wp-content\/uploads\/2023\/01\/VOLat-Jaenner23-1-1-910x1536.jpg 910w, https:\/\/nollatruellar.at\/cms\/wp-content\/uploads\/2023\/01\/VOLat-Jaenner23-1-1.jpg 1181w\" sizes=\"auto, (max-width: 606px) 100vw, 606px\" \/><figcaption class=\"wp-element-caption\"><strong>vol.at J\u00e4nner 2023<\/strong><\/figcaption><\/figure>\n\n\n\n<div class=\"wp-block-group\"><div class=\"wp-block-group__inner-container is-layout-constrained wp-block-group-is-layout-constrained\">\n<figure class=\"wp-block-image size-large\"><img loading=\"lazy\" decoding=\"async\" width=\"1024\" height=\"591\" src=\"https:\/\/nollatruellar.at\/cms\/wp-content\/uploads\/2023\/02\/VN-04022023-1024x591.jpg\" alt=\"\" class=\"wp-image-341\" srcset=\"https:\/\/nollatruellar.at\/cms\/wp-content\/uploads\/2023\/02\/VN-04022023-1024x591.jpg 1024w, https:\/\/nollatruellar.at\/cms\/wp-content\/uploads\/2023\/02\/VN-04022023-300x173.jpg 300w, https:\/\/nollatruellar.at\/cms\/wp-content\/uploads\/2023\/02\/VN-04022023-768x444.jpg 768w, https:\/\/nollatruellar.at\/cms\/wp-content\/uploads\/2023\/02\/VN-04022023-1536x887.jpg 1536w, https:\/\/nollatruellar.at\/cms\/wp-content\/uploads\/2023\/02\/VN-04022023.jpg 1600w\" sizes=\"auto, (max-width: 767px) 89vw, (max-width: 1000px) 54vw, (max-width: 1071px) 543px, 580px\" \/><\/figure>\n<\/div><\/div>\n\n\n\n<figure class=\"wp-block-image size-large\"><img loading=\"lazy\" decoding=\"async\" width=\"768\" height=\"1024\" src=\"https:\/\/nollatruellar.at\/cms\/wp-content\/uploads\/2025\/10\/IMG_6722-768x1024.jpeg\" alt=\"\" class=\"wp-image-650\" srcset=\"https:\/\/nollatruellar.at\/cms\/wp-content\/uploads\/2025\/10\/IMG_6722-768x1024.jpeg 768w, https:\/\/nollatruellar.at\/cms\/wp-content\/uploads\/2025\/10\/IMG_6722-225x300.jpeg 225w, https:\/\/nollatruellar.at\/cms\/wp-content\/uploads\/2025\/10\/IMG_6722-1152x1536.jpeg 1152w, https:\/\/nollatruellar.at\/cms\/wp-content\/uploads\/2025\/10\/IMG_6722.jpeg 1536w\" sizes=\"auto, (max-width: 767px) 89vw, (max-width: 1000px) 54vw, (max-width: 1071px) 543px, 580px\" \/><\/figure>\n\n\n\n<figure class=\"wp-block-gallery has-nested-images columns-default is-cropped wp-block-gallery-3 is-layout-flex wp-block-gallery-is-layout-flex\">\n<figure class=\"wp-block-image size-large\"><img loading=\"lazy\" decoding=\"async\" width=\"768\" height=\"1024\" data-id=\"651\" src=\"https:\/\/nollatruellar.at\/cms\/wp-content\/uploads\/2025\/10\/IMG_6901-768x1024.jpeg\" alt=\"\" class=\"wp-image-651\" srcset=\"https:\/\/nollatruellar.at\/cms\/wp-content\/uploads\/2025\/10\/IMG_6901-768x1024.jpeg 768w, https:\/\/nollatruellar.at\/cms\/wp-content\/uploads\/2025\/10\/IMG_6901-225x300.jpeg 225w, https:\/\/nollatruellar.at\/cms\/wp-content\/uploads\/2025\/10\/IMG_6901-1152x1536.jpeg 1152w, https:\/\/nollatruellar.at\/cms\/wp-content\/uploads\/2025\/10\/IMG_6901.jpeg 1536w\" sizes=\"auto, (max-width: 767px) 89vw, (max-width: 1000px) 54vw, (max-width: 1071px) 543px, 580px\" \/><\/figure>\n\n\n\n<figure class=\"wp-block-image size-large\"><img loading=\"lazy\" decoding=\"async\" width=\"680\" height=\"1024\" data-id=\"653\" src=\"https:\/\/nollatruellar.at\/cms\/wp-content\/uploads\/2025\/10\/DSC_0015-680x1024.jpg\" alt=\"\" class=\"wp-image-653\" srcset=\"https:\/\/nollatruellar.at\/cms\/wp-content\/uploads\/2025\/10\/DSC_0015-680x1024.jpg 680w, https:\/\/nollatruellar.at\/cms\/wp-content\/uploads\/2025\/10\/DSC_0015-199x300.jpg 199w, https:\/\/nollatruellar.at\/cms\/wp-content\/uploads\/2025\/10\/DSC_0015-768x1156.jpg 768w, https:\/\/nollatruellar.at\/cms\/wp-content\/uploads\/2025\/10\/DSC_0015-1020x1536.jpg 1020w, https:\/\/nollatruellar.at\/cms\/wp-content\/uploads\/2025\/10\/DSC_0015-1360x2048.jpg 1360w, https:\/\/nollatruellar.at\/cms\/wp-content\/uploads\/2025\/10\/DSC_0015-scaled.jpg 1700w\" sizes=\"auto, (max-width: 680px) 100vw, 680px\" \/><\/figure>\n\n\n\n<figure class=\"wp-block-image size-large\"><img loading=\"lazy\" decoding=\"async\" width=\"680\" height=\"1024\" data-id=\"654\" src=\"https:\/\/nollatruellar.at\/cms\/wp-content\/uploads\/2025\/10\/DSC_0018-680x1024.jpg\" alt=\"\" class=\"wp-image-654\" srcset=\"https:\/\/nollatruellar.at\/cms\/wp-content\/uploads\/2025\/10\/DSC_0018-680x1024.jpg 680w, https:\/\/nollatruellar.at\/cms\/wp-content\/uploads\/2025\/10\/DSC_0018-199x300.jpg 199w, https:\/\/nollatruellar.at\/cms\/wp-content\/uploads\/2025\/10\/DSC_0018-768x1156.jpg 768w, https:\/\/nollatruellar.at\/cms\/wp-content\/uploads\/2025\/10\/DSC_0018-1020x1536.jpg 1020w, https:\/\/nollatruellar.at\/cms\/wp-content\/uploads\/2025\/10\/DSC_0018-1360x2048.jpg 1360w, https:\/\/nollatruellar.at\/cms\/wp-content\/uploads\/2025\/10\/DSC_0018-scaled.jpg 1700w\" sizes=\"auto, (max-width: 680px) 100vw, 680px\" \/><\/figure>\n<\/figure>\n","protected":false},"excerpt":{"rendered":"<p>Wir tanzen auf dem Zebrastreifen Am 20. Juni 2023 war es soweit! Der einzige Zebrastreifen auf der Fluh erstrahlt jetzt in allen Farben! Ein ganz gro\u00dfes Dankesch\u00f6n an das ganze \u00d63-Wecker-Team. Danke Gabi Hiller und Philipp Hansa f\u00fcrs Pinseln!!! Danke an B\u00fcrgermeister Michael Ritsch und auch dem Land Vorarlberg, die schlie\u00dflich die erste Landesstra\u00dfe bunt &hellip; <\/p>\n<p class=\"link-more\"><a href=\"https:\/\/nollatruellar.at\/cms\/presse\/\" class=\"more-link\"><span class=\"screen-reader-text\">\u201ePresse\u201c<\/span> weiterlesen<\/a><\/p>\n","protected":false},"author":1,"featured_media":0,"parent":0,"menu_order":0,"comment_status":"closed","ping_status":"closed","template":"","meta":{"footnotes":""},"class_list":["post-314","page","type-page","status-publish","hentry"],"_links":{"self":[{"href":"https:\/\/nollatruellar.at\/cms\/wp-json\/wp\/v2\/pages\/314","targetHints":{"allow":["GET"]}}],"collection":[{"href":"https:\/\/nollatruellar.at\/cms\/wp-json\/wp\/v2\/pages"}],"about":[{"href":"https:\/\/nollatruellar.at\/cms\/wp-json\/wp\/v2\/types\/page"}],"author":[{"embeddable":true,"href":"https:\/\/nollatruellar.at\/cms\/wp-json\/wp\/v2\/users\/1"}],"replies":[{"embeddable":true,"href":"https:\/\/nollatruellar.at\/cms\/wp-json\/wp\/v2\/comments?post=314"}],"version-history":[{"count":8,"href":"https:\/\/nollatruellar.at\/cms\/wp-json\/wp\/v2\/pages\/314\/revisions"}],"predecessor-version":[{"id":663,"href":"https:\/\/nollatruellar.at\/cms\/wp-json\/wp\/v2\/pages\/314\/revisions\/663"}],"wp:attachment":[{"href":"https:\/\/nollatruellar.at\/cms\/wp-json\/wp\/v2\/media?parent=314"}],"curies":[{"name":"wp","href":"https:\/\/api.w.org\/{rel}","templated":true}]}}