{"id":139,"date":"2022-02-24T18:05:35","date_gmt":"2022-02-24T18:05:35","guid":{"rendered":"https:\/\/nollatruellar.at\/cms\/?page_id=139"},"modified":"2024-11-18T14:15:19","modified_gmt":"2024-11-18T14:15:19","slug":"2020-silke-bernd","status":"publish","type":"page","link":"https:\/\/nollatruellar.at\/cms\/unsere-altprinzessinnenpaare\/2020-silke-bernd\/","title":{"rendered":"2020 &#8211; Bernd &amp; Silke"},"content":{"rendered":"\n<figure class=\"wp-block-image size-large is-style-rounded\"><img loading=\"lazy\" decoding=\"async\" width=\"1024\" height=\"1005\" src=\"https:\/\/nollatruellar.at\/cms\/wp-content\/uploads\/2022\/02\/2020_BerndSilke-1024x1005.jpg\" alt=\"2020 - Silke &amp; Bernd\" class=\"wp-image-54\" srcset=\"https:\/\/nollatruellar.at\/cms\/wp-content\/uploads\/2022\/02\/2020_BerndSilke-1024x1005.jpg 1024w, https:\/\/nollatruellar.at\/cms\/wp-content\/uploads\/2022\/02\/2020_BerndSilke-300x294.jpg 300w, https:\/\/nollatruellar.at\/cms\/wp-content\/uploads\/2022\/02\/2020_BerndSilke-768x754.jpg 768w, https:\/\/nollatruellar.at\/cms\/wp-content\/uploads\/2022\/02\/2020_BerndSilke.jpg 1144w\" sizes=\"auto, (max-width: 767px) 89vw, (max-width: 1000px) 54vw, (max-width: 1071px) 543px, 580px\" \/><figcaption class=\"wp-element-caption\">2020 &#8211; Silke &amp; Bernd<\/figcaption><\/figure>\n\n\n\n<p><strong>Prinz Bernd I. Nollatr\u00fcllar XXV.<\/strong><br>Edler Zweitgeborener aus dem Hause Santa von Kennelbach zu Fluh.<br>Begnadeter, Klarinette spielender Zauberlehrling<br>beim Musikverein Kennelbach mit schnittigem Fahrstil.<br>Ordnungshaltender Herrscher der h\u00e4uslichen Werkstatt<br>mit Vorliebe zur w\u00f6chentlichen Rasenpflege.<br>Kinderliebender, verspielter Knabe mit<br>Hang zum vorz\u00fcglichen \u00d6ttinger Hopfengetr\u00e4nk.<\/p>\n\n\n\n<p><strong>Ihre Lieblichkeit Prinzessin Silke I.<\/strong><\/p>\n\n\n\n<p>&nbsp;Edle Drittgeborene des Geschlechts Moosbrugger von Amerl\u00fcgen zu Fluh.<br>Charmante H\u00fcterin der doppelten Nachkommenschaft,<br>des Prinzen liebliches \u201eBabe\u201c.<br>Facettenreiche, ordnungsliebende Dekorateurin<br>des herrschaftlichen Anwesens.<br>Temperamentvolle, tierliebende Pf\u00e4nderl\u00e4uferin<br>mit Vorliebe f\u00fcr auserlesene Weine<\/p>\n\n\n\n<p>sowie Kronprinz Emilian und Kronprinzessin Mayla.<\/p>\n\n\n\n<p><\/p>\n\n\n\n<p>Unser Motto: <\/p>\n\n\n\n<figure class=\"wp-block-gallery has-nested-images columns-default is-cropped wp-block-gallery-1 is-layout-flex wp-block-gallery-is-layout-flex\">\n<figure class=\"wp-block-image size-large\"><img loading=\"lazy\" decoding=\"async\" width=\"591\" height=\"835\" data-id=\"140\" src=\"https:\/\/nollatruellar.at\/cms\/wp-content\/uploads\/2022\/02\/2020-BerndSilke-Motto.jpg\" alt=\"Motto 2020: Harry Potter\" class=\"wp-image-140\" srcset=\"https:\/\/nollatruellar.at\/cms\/wp-content\/uploads\/2022\/02\/2020-BerndSilke-Motto.jpg 591w, https:\/\/nollatruellar.at\/cms\/wp-content\/uploads\/2022\/02\/2020-BerndSilke-Motto-212x300.jpg 212w\" sizes=\"auto, (max-width: 591px) 100vw, 591px\" \/><figcaption class=\"wp-element-caption\">Motto 2020: Harry Potter<\/figcaption><\/figure>\n<\/figure>\n\n\n\n<p><\/p>\n","protected":false},"excerpt":{"rendered":"<p>Prinz Bernd I. Nollatr\u00fcllar XXV.Edler Zweitgeborener aus dem Hause Santa von Kennelbach zu Fluh.Begnadeter, Klarinette spielender Zauberlehrlingbeim Musikverein Kennelbach mit schnittigem Fahrstil.Ordnungshaltender Herrscher der h\u00e4uslichen Werkstattmit Vorliebe zur w\u00f6chentlichen Rasenpflege.Kinderliebender, verspielter Knabe mitHang zum vorz\u00fcglichen \u00d6ttinger Hopfengetr\u00e4nk. Ihre Lieblichkeit Prinzessin Silke I. &nbsp;Edle Drittgeborene des Geschlechts Moosbrugger von Amerl\u00fcgen zu Fluh.Charmante H\u00fcterin der doppelten Nachkommenschaft,des &hellip; <\/p>\n<p class=\"link-more\"><a href=\"https:\/\/nollatruellar.at\/cms\/unsere-altprinzessinnenpaare\/2020-silke-bernd\/\" class=\"more-link\"><span class=\"screen-reader-text\">\u201e2020 &#8211; Bernd &amp; Silke\u201c<\/span> weiterlesen<\/a><\/p>\n","protected":false},"author":1,"featured_media":0,"parent":579,"menu_order":0,"comment_status":"closed","ping_status":"closed","template":"","meta":{"footnotes":""},"class_list":["post-139","page","type-page","status-publish","hentry"],"_links":{"self":[{"href":"https:\/\/nollatruellar.at\/cms\/wp-json\/wp\/v2\/pages\/139","targetHints":{"allow":["GET"]}}],"collection":[{"href":"https:\/\/nollatruellar.at\/cms\/wp-json\/wp\/v2\/pages"}],"about":[{"href":"https:\/\/nollatruellar.at\/cms\/wp-json\/wp\/v2\/types\/page"}],"author":[{"embeddable":true,"href":"https:\/\/nollatruellar.at\/cms\/wp-json\/wp\/v2\/users\/1"}],"replies":[{"embeddable":true,"href":"https:\/\/nollatruellar.at\/cms\/wp-json\/wp\/v2\/comments?post=139"}],"version-history":[{"count":2,"href":"https:\/\/nollatruellar.at\/cms\/wp-json\/wp\/v2\/pages\/139\/revisions"}],"predecessor-version":[{"id":590,"href":"https:\/\/nollatruellar.at\/cms\/wp-json\/wp\/v2\/pages\/139\/revisions\/590"}],"up":[{"embeddable":true,"href":"https:\/\/nollatruellar.at\/cms\/wp-json\/wp\/v2\/pages\/579"}],"wp:attachment":[{"href":"https:\/\/nollatruellar.at\/cms\/wp-json\/wp\/v2\/media?parent=139"}],"curies":[{"name":"wp","href":"https:\/\/api.w.org\/{rel}","templated":true}]}}