{"id":136,"date":"2022-02-24T18:02:07","date_gmt":"2022-02-24T18:02:07","guid":{"rendered":"https:\/\/nollatruellar.at\/cms\/?page_id=136"},"modified":"2024-11-14T13:15:40","modified_gmt":"2024-11-14T13:15:40","slug":"2019-marco-monique-2","status":"publish","type":"page","link":"https:\/\/nollatruellar.at\/cms\/unsere-altprinzessinnenpaare\/2019-marco-monique-2\/","title":{"rendered":"2019 &#8211; Marco &#038; Monique"},"content":{"rendered":"\n<figure class=\"wp-block-image size-large\"><img loading=\"lazy\" decoding=\"async\" width=\"1498\" height=\"1000\" src=\"https:\/\/nollatruellar.at\/cms\/wp-content\/uploads\/2022\/02\/2019_MarcoMonique-edited.jpg\" alt=\"2019 - Marco &amp; Monique\" class=\"wp-image-137\" srcset=\"https:\/\/nollatruellar.at\/cms\/wp-content\/uploads\/2022\/02\/2019_MarcoMonique-edited.jpg 1498w, https:\/\/nollatruellar.at\/cms\/wp-content\/uploads\/2022\/02\/2019_MarcoMonique-edited-300x200.jpg 300w, https:\/\/nollatruellar.at\/cms\/wp-content\/uploads\/2022\/02\/2019_MarcoMonique-edited-1024x684.jpg 1024w, https:\/\/nollatruellar.at\/cms\/wp-content\/uploads\/2022\/02\/2019_MarcoMonique-edited-768x513.jpg 768w\" sizes=\"auto, (max-width: 767px) 89vw, (max-width: 1000px) 54vw, (max-width: 1071px) 543px, 580px\" \/><figcaption>2019 &#8211; Marco &#038; Monique<\/figcaption><\/figure>\n\n\n\n<p><strong>Prinz Marco I. Nollatr\u00fcllar XXIV.<\/strong><br>Erstgeborener aus dem mittelrheinischen Landadelsgeschlecht zu Schmitz, <br>Eingereister von Ober- zur Unterfluh. <br>Bewahrer von traditionellem Recht und Ordnung in den neuen, unwirklichen Welten von kryptischen Zahlungsmitteln und bin\u00e4ren M\u00fcnzen. <br>Berufener im Kampf gegen das Feuer sowie Bezwinger und Bezwungener von schneebedeckten Steilh\u00e4ngen. <br>Genie\u00dfer edler Tropfen aus dem Keltischen<\/p>\n\n\n\n<p><strong>Prinzessin Monique I.<\/strong><\/p>\n\n\n\n<p>Edle Erstgeborene aus dem preu\u00dfischen Hause der R\u00e4kers im fernen Ruhrgebiet.<br>Ehemalige Herrscherin \u00fcber die Zimmer des sch\u00f6nsten Turms der Frankfurter Skyline, heutige Regentin der Bettenburg am Park in Oberstaufen. <br>Liebliche und immer gut gelaunte Freundin gebrannter Spirituosen, <br>begeisterte und geschmackvolle Arrangeurin von Kitsch und Tand <br>sowie Mittrinkende bei den leibes\u00fcbenden Weibern<\/p>\n\n\n\n<p>Unser  Motto: Der Fluh-Zirus \u2013 das kleinste gr\u00f6\u00dfte Spektakel<\/p>\n","protected":false},"excerpt":{"rendered":"<p>Prinz Marco I. Nollatr\u00fcllar XXIV.Erstgeborener aus dem mittelrheinischen Landadelsgeschlecht zu Schmitz, Eingereister von Ober- zur Unterfluh. Bewahrer von traditionellem Recht und Ordnung in den neuen, unwirklichen Welten von kryptischen Zahlungsmitteln und bin\u00e4ren M\u00fcnzen. Berufener im Kampf gegen das Feuer sowie Bezwinger und Bezwungener von schneebedeckten Steilh\u00e4ngen. Genie\u00dfer edler Tropfen aus dem Keltischen Prinzessin Monique I. &hellip; <\/p>\n<p class=\"link-more\"><a href=\"https:\/\/nollatruellar.at\/cms\/unsere-altprinzessinnenpaare\/2019-marco-monique-2\/\" class=\"more-link\"><span class=\"screen-reader-text\">\u201e2019 &#8211; Marco &#038; Monique\u201c<\/span> weiterlesen<\/a><\/p>\n","protected":false},"author":1,"featured_media":0,"parent":579,"menu_order":0,"comment_status":"closed","ping_status":"closed","template":"","meta":{"footnotes":""},"class_list":["post-136","page","type-page","status-publish","hentry"],"_links":{"self":[{"href":"https:\/\/nollatruellar.at\/cms\/wp-json\/wp\/v2\/pages\/136","targetHints":{"allow":["GET"]}}],"collection":[{"href":"https:\/\/nollatruellar.at\/cms\/wp-json\/wp\/v2\/pages"}],"about":[{"href":"https:\/\/nollatruellar.at\/cms\/wp-json\/wp\/v2\/types\/page"}],"author":[{"embeddable":true,"href":"https:\/\/nollatruellar.at\/cms\/wp-json\/wp\/v2\/users\/1"}],"replies":[{"embeddable":true,"href":"https:\/\/nollatruellar.at\/cms\/wp-json\/wp\/v2\/comments?post=136"}],"version-history":[{"count":1,"href":"https:\/\/nollatruellar.at\/cms\/wp-json\/wp\/v2\/pages\/136\/revisions"}],"predecessor-version":[{"id":138,"href":"https:\/\/nollatruellar.at\/cms\/wp-json\/wp\/v2\/pages\/136\/revisions\/138"}],"up":[{"embeddable":true,"href":"https:\/\/nollatruellar.at\/cms\/wp-json\/wp\/v2\/pages\/579"}],"wp:attachment":[{"href":"https:\/\/nollatruellar.at\/cms\/wp-json\/wp\/v2\/media?parent=136"}],"curies":[{"name":"wp","href":"https:\/\/api.w.org\/{rel}","templated":true}]}}