{"id":134,"date":"2022-02-24T17:58:23","date_gmt":"2022-02-24T17:58:23","guid":{"rendered":"https:\/\/nollatruellar.at\/cms\/?page_id=134"},"modified":"2024-11-18T14:14:04","modified_gmt":"2024-11-18T14:14:04","slug":"2018-patrick-patricia","status":"publish","type":"page","link":"https:\/\/nollatruellar.at\/cms\/unsere-altprinzessinnenpaare\/2018-patrick-patricia\/","title":{"rendered":"2018 &#8211; Patrick &#038; Patricia"},"content":{"rendered":"\n<figure class=\"wp-block-image size-large is-style-rounded\"><img loading=\"lazy\" decoding=\"async\" width=\"680\" height=\"1024\" src=\"https:\/\/nollatruellar.at\/cms\/wp-content\/uploads\/2022\/02\/2018_PatrickPatricia-680x1024.jpg\" alt=\"2018 - Patrick &amp; Patricia\" class=\"wp-image-52\" srcset=\"https:\/\/nollatruellar.at\/cms\/wp-content\/uploads\/2022\/02\/2018_PatrickPatricia-680x1024.jpg 680w, https:\/\/nollatruellar.at\/cms\/wp-content\/uploads\/2022\/02\/2018_PatrickPatricia-199x300.jpg 199w, https:\/\/nollatruellar.at\/cms\/wp-content\/uploads\/2022\/02\/2018_PatrickPatricia-768x1156.jpg 768w, https:\/\/nollatruellar.at\/cms\/wp-content\/uploads\/2022\/02\/2018_PatrickPatricia-1020x1536.jpg 1020w, https:\/\/nollatruellar.at\/cms\/wp-content\/uploads\/2022\/02\/2018_PatrickPatricia.jpg 1063w\" sizes=\"auto, (max-width: 680px) 100vw, 680px\" \/><figcaption class=\"wp-element-caption\">2018 &#8211; Patrick &amp; Patricia<\/figcaption><\/figure>\n\n\n\n<p><strong>Prinz Patrick I. Nollatr\u00fcllar XXIII.<\/strong><\/p>\n\n\n\n<p>mittlerer Spross aus dem Hause Clemens, von und zu Bregenz,<br>Beherrscher der Strahlen und deren besonderer Wirkung<br>Fremdsprachentalent mit Vorliebe zum Pf\u00e4ndert\u00fctsch,<br>leidenschaftlicher Dozent an der zur Pflege lehrender Schule,<br>Extrem-Sportler, den es auch mal im R\u00fccken zwickt und<br>Liebhaber von besonders guten Tropfen,<br>rauchigen Abenden an gl\u00fchenden Monolithen<\/p>\n\n\n\n<p><strong>Ihre Lieblichkeit Prinzessin Patricia I.<\/strong><\/p>\n\n\n\n<p>edle Toblar-Nachkommin aus dem Hause Kaufmann,<br>aus den Tiefen des Bregenzerwaldes,<br>kreative Mediendesignerin beim Blatt der Gemeinden,<br>leidenschaftliche Herrscherin \u00fcber Backrohr und Herd<br>mit der Vorliebe zum Fluher Kalb alias Paprika,<br>herzliche Regentin \u00fcber Infantin Leah,<br>Infanten Paul und Jeremias sowie<br>das gesamte Fluhar Gefolge<\/p>\n\n\n\n<p>mit Leah, Paul &amp; Jeremias<\/p>\n\n\n\n<p><\/p>\n\n\n\n<p>Unser Motto: 1001 Nacht<\/p>\n","protected":false},"excerpt":{"rendered":"<p>Prinz Patrick I. Nollatr\u00fcllar XXIII. mittlerer Spross aus dem Hause Clemens, von und zu Bregenz,Beherrscher der Strahlen und deren besonderer WirkungFremdsprachentalent mit Vorliebe zum Pf\u00e4ndert\u00fctsch,leidenschaftlicher Dozent an der zur Pflege lehrender Schule,Extrem-Sportler, den es auch mal im R\u00fccken zwickt undLiebhaber von besonders guten Tropfen,rauchigen Abenden an gl\u00fchenden Monolithen Ihre Lieblichkeit Prinzessin Patricia I. edle Toblar-Nachkommin &hellip; <\/p>\n<p class=\"link-more\"><a href=\"https:\/\/nollatruellar.at\/cms\/unsere-altprinzessinnenpaare\/2018-patrick-patricia\/\" class=\"more-link\"><span class=\"screen-reader-text\">\u201e2018 &#8211; Patrick &#038; Patricia\u201c<\/span> weiterlesen<\/a><\/p>\n","protected":false},"author":1,"featured_media":0,"parent":579,"menu_order":0,"comment_status":"closed","ping_status":"closed","template":"","meta":{"footnotes":""},"class_list":["post-134","page","type-page","status-publish","hentry"],"_links":{"self":[{"href":"https:\/\/nollatruellar.at\/cms\/wp-json\/wp\/v2\/pages\/134","targetHints":{"allow":["GET"]}}],"collection":[{"href":"https:\/\/nollatruellar.at\/cms\/wp-json\/wp\/v2\/pages"}],"about":[{"href":"https:\/\/nollatruellar.at\/cms\/wp-json\/wp\/v2\/types\/page"}],"author":[{"embeddable":true,"href":"https:\/\/nollatruellar.at\/cms\/wp-json\/wp\/v2\/users\/1"}],"replies":[{"embeddable":true,"href":"https:\/\/nollatruellar.at\/cms\/wp-json\/wp\/v2\/comments?post=134"}],"version-history":[{"count":2,"href":"https:\/\/nollatruellar.at\/cms\/wp-json\/wp\/v2\/pages\/134\/revisions"}],"predecessor-version":[{"id":589,"href":"https:\/\/nollatruellar.at\/cms\/wp-json\/wp\/v2\/pages\/134\/revisions\/589"}],"up":[{"embeddable":true,"href":"https:\/\/nollatruellar.at\/cms\/wp-json\/wp\/v2\/pages\/579"}],"wp:attachment":[{"href":"https:\/\/nollatruellar.at\/cms\/wp-json\/wp\/v2\/media?parent=134"}],"curies":[{"name":"wp","href":"https:\/\/api.w.org\/{rel}","templated":true}]}}