{"id":132,"date":"2022-02-24T17:56:32","date_gmt":"2022-02-24T17:56:32","guid":{"rendered":"https:\/\/nollatruellar.at\/cms\/?page_id=132"},"modified":"2024-11-19T07:38:06","modified_gmt":"2024-11-19T07:38:06","slug":"2017-daniel-kathi","status":"publish","type":"page","link":"https:\/\/nollatruellar.at\/cms\/unsere-altprinzessinnenpaare\/2017-daniel-kathi\/","title":{"rendered":"2017 &#8211; Daniel &#038; Kathi"},"content":{"rendered":"<div class=\"wp-block-image is-style-rounded\">\n<figure class=\"aligncenter size-full\"><img loading=\"lazy\" decoding=\"async\" width=\"720\" height=\"960\" src=\"https:\/\/nollatruellar.at\/cms\/wp-content\/uploads\/2022\/02\/2017_DanielKathi.jpg\" alt=\"2017 - Daniel &amp; Kathi\" class=\"wp-image-51\" srcset=\"https:\/\/nollatruellar.at\/cms\/wp-content\/uploads\/2022\/02\/2017_DanielKathi.jpg 720w, https:\/\/nollatruellar.at\/cms\/wp-content\/uploads\/2022\/02\/2017_DanielKathi-225x300.jpg 225w\" sizes=\"auto, (max-width: 720px) 100vw, 720px\" \/><figcaption class=\"wp-element-caption\">2017 &#8211; Daniel &amp; Kathi<\/figcaption><\/figure>\n<\/div>\n\n\n<p><strong>Prinz Daniel I. Nollatr\u00fcllar XXII<br><\/strong>Erstgeborener Spro\u00df des n\u00e4rrischen&nbsp;Herrschergeschlechts von und zu Sieber<br>Herr \u00fcber den Fluhar Zauberwald und deren besonderen Tannen zu Weihnacht<br>Leidenschaftlicher Landwirt und Posaunist<br>Besonders liebender Genussmensch vom Tropfen des Hopfen<br>und edler Anf\u00fchrer der n\u00e4rrischen Fluh<\/p>\n\n\n\n<p><strong>Ihre Lieblichkeit Prinzessin Katharina I.<\/strong><br>Edle Erstgeborene\u00a0aus dem Hause Brussig vom sonnigen Ufer des sch\u00f6nen Bodensees von Hard<br>Zauberhafte Fee f\u00fcr den Traumtag aller Liebenden<br>Herrscherin \u00fcber Kochl\u00f6ffel und Schneebesen<br>Temperamentvolle Meinungsvertreterin\u00a0und sonnige Regentin \u00fcber Haus, Hof und Gefolge<\/p>\n","protected":false},"excerpt":{"rendered":"<p>Prinz Daniel I. Nollatr\u00fcllar XXIIErstgeborener Spro\u00df des n\u00e4rrischen&nbsp;Herrschergeschlechts von und zu SieberHerr \u00fcber den Fluhar Zauberwald und deren besonderen Tannen zu WeihnachtLeidenschaftlicher Landwirt und PosaunistBesonders liebender Genussmensch vom Tropfen des Hopfenund edler Anf\u00fchrer der n\u00e4rrischen Fluh Ihre Lieblichkeit Prinzessin Katharina I.Edle Erstgeborene\u00a0aus dem Hause Brussig vom sonnigen Ufer des sch\u00f6nen Bodensees von HardZauberhafte Fee f\u00fcr &hellip; <\/p>\n<p class=\"link-more\"><a href=\"https:\/\/nollatruellar.at\/cms\/unsere-altprinzessinnenpaare\/2017-daniel-kathi\/\" class=\"more-link\"><span class=\"screen-reader-text\">\u201e2017 &#8211; Daniel &#038; Kathi\u201c<\/span> weiterlesen<\/a><\/p>\n","protected":false},"author":1,"featured_media":0,"parent":579,"menu_order":0,"comment_status":"closed","ping_status":"closed","template":"","meta":{"footnotes":""},"class_list":["post-132","page","type-page","status-publish","hentry"],"_links":{"self":[{"href":"https:\/\/nollatruellar.at\/cms\/wp-json\/wp\/v2\/pages\/132","targetHints":{"allow":["GET"]}}],"collection":[{"href":"https:\/\/nollatruellar.at\/cms\/wp-json\/wp\/v2\/pages"}],"about":[{"href":"https:\/\/nollatruellar.at\/cms\/wp-json\/wp\/v2\/types\/page"}],"author":[{"embeddable":true,"href":"https:\/\/nollatruellar.at\/cms\/wp-json\/wp\/v2\/users\/1"}],"replies":[{"embeddable":true,"href":"https:\/\/nollatruellar.at\/cms\/wp-json\/wp\/v2\/comments?post=132"}],"version-history":[{"count":2,"href":"https:\/\/nollatruellar.at\/cms\/wp-json\/wp\/v2\/pages\/132\/revisions"}],"predecessor-version":[{"id":595,"href":"https:\/\/nollatruellar.at\/cms\/wp-json\/wp\/v2\/pages\/132\/revisions\/595"}],"up":[{"embeddable":true,"href":"https:\/\/nollatruellar.at\/cms\/wp-json\/wp\/v2\/pages\/579"}],"wp:attachment":[{"href":"https:\/\/nollatruellar.at\/cms\/wp-json\/wp\/v2\/media?parent=132"}],"curies":[{"name":"wp","href":"https:\/\/api.w.org\/{rel}","templated":true}]}}