{"id":13,"date":"2022-02-07T11:33:21","date_gmt":"2022-02-07T11:33:21","guid":{"rendered":"https:\/\/nollatruellar.at\/cms\/?page_id=13"},"modified":"2025-11-12T15:59:21","modified_gmt":"2025-11-12T15:59:21","slug":"der-verein","status":"publish","type":"page","link":"https:\/\/nollatruellar.at\/cms\/der-verein\/","title":{"rendered":"Der Verein"},"content":{"rendered":"\n<p><strong>Ore Ore!!<\/strong><\/p>\n\n\n\n<p>Der Fasching z\u00e4hlt auf der Fluh zur 5. Jahreszeit. Bis zum Jahr 1994 hat der Musikverein Fluh allj\u00e4hrlich beim gro\u00dfen Faschingsumzug in Bregenz maskiert mitgewirkt. Weiters waren einzelne Faschingsgruppen aus der Landjugend, von der Volksschule und aus einigen Familien aktiv.<\/p>\n\n\n\n<p>Am 11.11.1995 wurde eine eigene Faschingsgesellschaft \u2013 Fluhar Nollatr\u00fcllar \u2013 mit zugeh\u00f6riger Guggamusik gegr\u00fcndet. Seitdem regiert in der n\u00e4rrischen Zeit jeweils ein Fluher Prinzenpaar und gibt das Motto f\u00fcr die Faschingszeit vor.<\/p>\n\n\n\n<h1 class=\"wp-block-heading\">Kontakt \/ Komitee<\/h1>\n\n\n\n<p><strong>Obfrau<\/strong><br>Marion Pfeiffer<\/p>\n\n\n\n<p><strong>Obfrau Stellvertreterin<\/strong><br>Gabriela Piller<\/p>\n\n\n\n<p><strong>Kassierin<\/strong><br>Franziska B\u00f6hler<\/p>\n\n\n\n<p><strong>Schriftf\u00fchrerin<br><\/strong>Elisabeth Natter<\/p>\n\n\n\n<p><strong>Beirat<\/strong><br>Daniel Sieber, Sandra Ferrari-B\u00fcchele, Silke Santa, Patricia Clemens, Toni Lahr<\/p>\n\n\n\n<p><strong>F\u00fcr Anfragen:<\/strong><br><a href=\"mailto:nollatruellar@fluh.at\">nollatruellar@fluh.at<\/a><\/p>\n","protected":false},"excerpt":{"rendered":"<p>Ore Ore!! Der Fasching z\u00e4hlt auf der Fluh zur 5. Jahreszeit. Bis zum Jahr 1994 hat der Musikverein Fluh allj\u00e4hrlich beim gro\u00dfen Faschingsumzug in Bregenz maskiert mitgewirkt. Weiters waren einzelne Faschingsgruppen aus der Landjugend, von der Volksschule und aus einigen Familien aktiv. Am 11.11.1995 wurde eine eigene Faschingsgesellschaft \u2013 Fluhar Nollatr\u00fcllar \u2013 mit zugeh\u00f6riger Guggamusik &hellip; <\/p>\n<p class=\"link-more\"><a href=\"https:\/\/nollatruellar.at\/cms\/der-verein\/\" class=\"more-link\"><span class=\"screen-reader-text\">\u201eDer Verein\u201c<\/span> weiterlesen<\/a><\/p>\n","protected":false},"author":1,"featured_media":0,"parent":0,"menu_order":0,"comment_status":"closed","ping_status":"closed","template":"","meta":{"footnotes":""},"class_list":["post-13","page","type-page","status-publish","hentry"],"_links":{"self":[{"href":"https:\/\/nollatruellar.at\/cms\/wp-json\/wp\/v2\/pages\/13","targetHints":{"allow":["GET"]}}],"collection":[{"href":"https:\/\/nollatruellar.at\/cms\/wp-json\/wp\/v2\/pages"}],"about":[{"href":"https:\/\/nollatruellar.at\/cms\/wp-json\/wp\/v2\/types\/page"}],"author":[{"embeddable":true,"href":"https:\/\/nollatruellar.at\/cms\/wp-json\/wp\/v2\/users\/1"}],"replies":[{"embeddable":true,"href":"https:\/\/nollatruellar.at\/cms\/wp-json\/wp\/v2\/comments?post=13"}],"version-history":[{"count":7,"href":"https:\/\/nollatruellar.at\/cms\/wp-json\/wp\/v2\/pages\/13\/revisions"}],"predecessor-version":[{"id":673,"href":"https:\/\/nollatruellar.at\/cms\/wp-json\/wp\/v2\/pages\/13\/revisions\/673"}],"wp:attachment":[{"href":"https:\/\/nollatruellar.at\/cms\/wp-json\/wp\/v2\/media?parent=13"}],"curies":[{"name":"wp","href":"https:\/\/api.w.org\/{rel}","templated":true}]}}