{"id":122,"date":"2022-02-24T17:45:21","date_gmt":"2022-02-24T17:45:21","guid":{"rendered":"https:\/\/nollatruellar.at\/cms\/?page_id=122"},"modified":"2024-11-19T07:38:53","modified_gmt":"2024-11-19T07:38:53","slug":"2013-elmar-moni","status":"publish","type":"page","link":"https:\/\/nollatruellar.at\/cms\/unsere-altprinzessinnenpaare\/2013-elmar-moni\/","title":{"rendered":"2013 -Elmar &#038; Moni"},"content":{"rendered":"<div class=\"wp-block-image is-style-rounded\">\n<figure class=\"aligncenter size-full is-resized\"><img loading=\"lazy\" decoding=\"async\" width=\"222\" height=\"320\" src=\"https:\/\/nollatruellar.at\/cms\/wp-content\/uploads\/2022\/02\/2013_ElmarMoni.jpg\" alt=\"2013 - Elmar &amp; Moni\" class=\"wp-image-47\" style=\"width:504px;height:auto\" srcset=\"https:\/\/nollatruellar.at\/cms\/wp-content\/uploads\/2022\/02\/2013_ElmarMoni.jpg 222w, https:\/\/nollatruellar.at\/cms\/wp-content\/uploads\/2022\/02\/2013_ElmarMoni-208x300.jpg 208w\" sizes=\"auto, (max-width: 222px) 100vw, 222px\" \/><figcaption class=\"wp-element-caption\">2013 &#8211; Elmar &amp; Moni<\/figcaption><\/figure>\n<\/div>\n\n\n<p><strong>Prinz Elmar II. Nollatr\u00fcllar XVIII<\/strong><br>Edler Spross von und zu Fleisch aus dem Herzen Brigantiums.<br>Energischer Herrscher \u00fcber Klassik-, Disco-, Rock- und Popmusik vor und hinter dem Mischpult.<br>Erfolgreicher Kenner von Bulle und B\u00e4r der Finanzen <br>\u2013 getrieben von der unersch\u00f6pflichen Kraft der Sonnenenergie.<br>Sternendeutender Romantiker und sportlicher Eroberer des Bregenzer Hausberges \u00fcber\u2019s Gschlief<br>\u2013 im Wechselspiel mit edlen Tropfen und selbstkreierten Gaumenfreuden.<\/p>\n\n\n\n<p><strong>Ihre Lieblichkeit Prinzessin Moni I<\/strong><br>Edle J\u00fcngstgeborene vom Kreuzerhof zu Ranggen.<br>Charmante durch den Tunnel bohrende, kartoffelbringende eingeb\u00fcrgerte Exfluherin.<br>Sprachbegabte Logop\u00e4din und Oberbefehlshaberin der Lektoren zu Wendelin.<br>Begnadete schnapslliebende Organisatorin \u00fcber Ausfl\u00fcge, Feste und Zusammenk\u00fcnfte.<br>Eiserne, liebevolle und nicht alternde Pr\u00e4sidentin der Dintagsrunde<br>und treue Genie\u00dferin der letzten Achtele.<\/p>\n","protected":false},"excerpt":{"rendered":"<p>Prinz Elmar II. Nollatr\u00fcllar XVIIIEdler Spross von und zu Fleisch aus dem Herzen Brigantiums.Energischer Herrscher \u00fcber Klassik-, Disco-, Rock- und Popmusik vor und hinter dem Mischpult.Erfolgreicher Kenner von Bulle und B\u00e4r der Finanzen \u2013 getrieben von der unersch\u00f6pflichen Kraft der Sonnenenergie.Sternendeutender Romantiker und sportlicher Eroberer des Bregenzer Hausberges \u00fcber\u2019s Gschlief\u2013 im Wechselspiel mit edlen Tropfen &hellip; <\/p>\n<p class=\"link-more\"><a href=\"https:\/\/nollatruellar.at\/cms\/unsere-altprinzessinnenpaare\/2013-elmar-moni\/\" class=\"more-link\"><span class=\"screen-reader-text\">\u201e2013 -Elmar &#038; Moni\u201c<\/span> weiterlesen<\/a><\/p>\n","protected":false},"author":1,"featured_media":0,"parent":579,"menu_order":0,"comment_status":"closed","ping_status":"closed","template":"","meta":{"footnotes":""},"class_list":["post-122","page","type-page","status-publish","hentry"],"_links":{"self":[{"href":"https:\/\/nollatruellar.at\/cms\/wp-json\/wp\/v2\/pages\/122","targetHints":{"allow":["GET"]}}],"collection":[{"href":"https:\/\/nollatruellar.at\/cms\/wp-json\/wp\/v2\/pages"}],"about":[{"href":"https:\/\/nollatruellar.at\/cms\/wp-json\/wp\/v2\/types\/page"}],"author":[{"embeddable":true,"href":"https:\/\/nollatruellar.at\/cms\/wp-json\/wp\/v2\/users\/1"}],"replies":[{"embeddable":true,"href":"https:\/\/nollatruellar.at\/cms\/wp-json\/wp\/v2\/comments?post=122"}],"version-history":[{"count":2,"href":"https:\/\/nollatruellar.at\/cms\/wp-json\/wp\/v2\/pages\/122\/revisions"}],"predecessor-version":[{"id":596,"href":"https:\/\/nollatruellar.at\/cms\/wp-json\/wp\/v2\/pages\/122\/revisions\/596"}],"up":[{"embeddable":true,"href":"https:\/\/nollatruellar.at\/cms\/wp-json\/wp\/v2\/pages\/579"}],"wp:attachment":[{"href":"https:\/\/nollatruellar.at\/cms\/wp-json\/wp\/v2\/media?parent=122"}],"curies":[{"name":"wp","href":"https:\/\/api.w.org\/{rel}","templated":true}]}}