{"id":120,"date":"2022-02-24T17:43:31","date_gmt":"2022-02-24T17:43:31","guid":{"rendered":"https:\/\/nollatruellar.at\/cms\/?page_id=120"},"modified":"2024-11-14T13:16:02","modified_gmt":"2024-11-14T13:16:02","slug":"2012-hubert-evi","status":"publish","type":"page","link":"https:\/\/nollatruellar.at\/cms\/unsere-altprinzessinnenpaare\/2012-hubert-evi\/","title":{"rendered":"2012 &#8211; Hubert I. &amp; Evi I."},"content":{"rendered":"<div class=\"wp-block-image\">\n<figure class=\"aligncenter size-full\"><img loading=\"lazy\" decoding=\"async\" width=\"222\" height=\"333\" src=\"https:\/\/nollatruellar.at\/cms\/wp-content\/uploads\/2022\/02\/2012_HubertEvi_2-1.jpg\" alt=\"2012 - Hubert &amp; Evi\" class=\"wp-image-119\" srcset=\"https:\/\/nollatruellar.at\/cms\/wp-content\/uploads\/2022\/02\/2012_HubertEvi_2-1.jpg 222w, https:\/\/nollatruellar.at\/cms\/wp-content\/uploads\/2022\/02\/2012_HubertEvi_2-1-200x300.jpg 200w\" sizes=\"auto, (max-width: 222px) 100vw, 222px\" \/><figcaption class=\"wp-element-caption\">2012 &#8211; Hubert &amp; Evi<\/figcaption><\/figure>\n<\/div>\n\n\n<figure class=\"wp-block-image size-large is-style-rounded\"><img loading=\"lazy\" decoding=\"async\" width=\"680\" height=\"1024\" src=\"https:\/\/nollatruellar.at\/cms\/wp-content\/uploads\/2024\/11\/DSC_2741-680x1024.jpg\" alt=\"\" class=\"wp-image-548\" srcset=\"https:\/\/nollatruellar.at\/cms\/wp-content\/uploads\/2024\/11\/DSC_2741-680x1024.jpg 680w, https:\/\/nollatruellar.at\/cms\/wp-content\/uploads\/2024\/11\/DSC_2741-199x300.jpg 199w, https:\/\/nollatruellar.at\/cms\/wp-content\/uploads\/2024\/11\/DSC_2741-768x1156.jpg 768w, https:\/\/nollatruellar.at\/cms\/wp-content\/uploads\/2024\/11\/DSC_2741-1020x1536.jpg 1020w, https:\/\/nollatruellar.at\/cms\/wp-content\/uploads\/2024\/11\/DSC_2741-1360x2048.jpg 1360w, https:\/\/nollatruellar.at\/cms\/wp-content\/uploads\/2024\/11\/DSC_2741-scaled.jpg 1700w\" sizes=\"auto, (max-width: 680px) 100vw, 680px\" \/><\/figure>\n\n\n\n<p><strong>Graf Hubert I Nollatr\u00fcllar XVII<\/strong><\/p>\n\n\n\n<p>Edler Zweitgeborener aus dem Hause Sieber von und zu Brigantium<br>Herrscher \u00fcber Hobel, Sp\u00e4ne, Holz und Design<br>Langj\u00e4hriger, ehrgeiziger Trompetenvirtuose beim MV Fluh<br>Leidenschaftlicher Genie\u00dfer von Speis und Trank in edlem Ambiente<br>Heimlich Kanapee surfender Musikantenstadlverehrer mit charmantem Sturkopf<br>Unterhaltsamer, vielreisender, Cowboystiefel tragender Familienmensch mit Her<\/p>\n\n\n\n<p><strong>Ihre Lieblichkeit Gr\u00e4fin Evi I<\/strong><\/p>\n\n\n\n<p>Hochwohlgeborene, gro\u00dfherzige Herrscherin aus der Montfortstadt<br>Liebevolle Erzieherin der gr\u00e4flichen Volksschaft,<br>sowie des Grafen, der Kinder, V\u00f6gel und Katzen<br>Modische Monarchin in edlen Gew\u00e4ndern mit Vorliebe f\u00fcr Clubt\u00e4nze und edle Tropfen<br>Leidenschaftliche K\u00f6chin mit kreativer Ader und Sinn f\u00fcr Humor und Spontanit\u00e4t<br>Temperamentvolle Genie\u00dferin mit offenem Ohr und Beraterin der Infanten in allen Lebenslagen.<\/p>\n","protected":false},"excerpt":{"rendered":"<p>Graf Hubert I Nollatr\u00fcllar XVII Edler Zweitgeborener aus dem Hause Sieber von und zu BrigantiumHerrscher \u00fcber Hobel, Sp\u00e4ne, Holz und DesignLangj\u00e4hriger, ehrgeiziger Trompetenvirtuose beim MV FluhLeidenschaftlicher Genie\u00dfer von Speis und Trank in edlem AmbienteHeimlich Kanapee surfender Musikantenstadlverehrer mit charmantem SturkopfUnterhaltsamer, vielreisender, Cowboystiefel tragender Familienmensch mit Her Ihre Lieblichkeit Gr\u00e4fin Evi I Hochwohlgeborene, gro\u00dfherzige Herrscherin aus &hellip; <\/p>\n<p class=\"link-more\"><a href=\"https:\/\/nollatruellar.at\/cms\/unsere-altprinzessinnenpaare\/2012-hubert-evi\/\" class=\"more-link\"><span class=\"screen-reader-text\">\u201e2012 &#8211; Hubert I. &amp; Evi I.\u201c<\/span> weiterlesen<\/a><\/p>\n","protected":false},"author":1,"featured_media":0,"parent":579,"menu_order":0,"comment_status":"closed","ping_status":"closed","template":"","meta":{"footnotes":""},"class_list":["post-120","page","type-page","status-publish","hentry"],"_links":{"self":[{"href":"https:\/\/nollatruellar.at\/cms\/wp-json\/wp\/v2\/pages\/120","targetHints":{"allow":["GET"]}}],"collection":[{"href":"https:\/\/nollatruellar.at\/cms\/wp-json\/wp\/v2\/pages"}],"about":[{"href":"https:\/\/nollatruellar.at\/cms\/wp-json\/wp\/v2\/types\/page"}],"author":[{"embeddable":true,"href":"https:\/\/nollatruellar.at\/cms\/wp-json\/wp\/v2\/users\/1"}],"replies":[{"embeddable":true,"href":"https:\/\/nollatruellar.at\/cms\/wp-json\/wp\/v2\/comments?post=120"}],"version-history":[{"count":3,"href":"https:\/\/nollatruellar.at\/cms\/wp-json\/wp\/v2\/pages\/120\/revisions"}],"predecessor-version":[{"id":549,"href":"https:\/\/nollatruellar.at\/cms\/wp-json\/wp\/v2\/pages\/120\/revisions\/549"}],"up":[{"embeddable":true,"href":"https:\/\/nollatruellar.at\/cms\/wp-json\/wp\/v2\/pages\/579"}],"wp:attachment":[{"href":"https:\/\/nollatruellar.at\/cms\/wp-json\/wp\/v2\/media?parent=120"}],"curies":[{"name":"wp","href":"https:\/\/api.w.org\/{rel}","templated":true}]}}