{"id":112,"date":"2022-02-24T17:36:03","date_gmt":"2022-02-24T17:36:03","guid":{"rendered":"https:\/\/nollatruellar.at\/cms\/?page_id=112"},"modified":"2024-11-14T13:13:01","modified_gmt":"2024-11-14T13:13:01","slug":"2011-michael-angelika","status":"publish","type":"page","link":"https:\/\/nollatruellar.at\/cms\/unsere-altprinzessinnenpaare\/2011-michael-angelika\/","title":{"rendered":"2011 &#8211; \u00a0Michael &#038; Angelika"},"content":{"rendered":"\n<div class=\"wp-block-image\"><figure class=\"aligncenter size-full\"><img loading=\"lazy\" decoding=\"async\" width=\"400\" height=\"577\" src=\"https:\/\/nollatruellar.at\/cms\/wp-content\/uploads\/2022\/02\/2011_MichaelAngelika.jpg\" alt=\"2011 Michael &amp; Angelika\" class=\"wp-image-45\" srcset=\"https:\/\/nollatruellar.at\/cms\/wp-content\/uploads\/2022\/02\/2011_MichaelAngelika.jpg 400w, https:\/\/nollatruellar.at\/cms\/wp-content\/uploads\/2022\/02\/2011_MichaelAngelika-208x300.jpg 208w\" sizes=\"auto, (max-width: 400px) 100vw, 400px\" \/><figcaption>2011 Michael &#038; Angelika<\/figcaption><\/figure><\/div>\n\n\n\n<p><strong>Prinz Michael I., Nollatr\u00fcllar XVI.<\/strong><\/p>\n\n\n\n<p>Edler Erstgeborener Ritter von und zu M\u00fchlwasen<br>Freundlicher Geselle \u00fcber Hobel, Winkel und Zirkel der mit Leichtigkeit die elektronische Kiste beherrscht<br>Liebhaber von flotten Kutschen mit Hang zu zweir\u00e4drigen Vehikeln&lt;<br>Snowboardliebender karatek\u00e4mpfender Drachent\u00f6ter<br><strong><br>Ihre Lieblichkeit Prinzessin Angelika I.<\/strong><\/p>\n\n\n\n<p>Edle Erstgeborene aus dem Hause R\u00fcbenak<br>Liebliche Konstrukteurin eleganter Burgen und Schl\u00f6sser<br>Snowboardende Basketballerin die skifahrendem Moderator Rede und Antwort stand<br>Facettenreiche Gestalterin von Lichtbildern und Momentaufnahmen<br>Beherzte Monarchin \u00fcber die heimatliche Burg und derer Infanten <br>Kronprinzessin Leonie und Kronprinz Dorian<\/p>\n","protected":false},"excerpt":{"rendered":"<p>Prinz Michael I., Nollatr\u00fcllar XVI. Edler Erstgeborener Ritter von und zu M\u00fchlwasenFreundlicher Geselle \u00fcber Hobel, Winkel und Zirkel der mit Leichtigkeit die elektronische Kiste beherrschtLiebhaber von flotten Kutschen mit Hang zu zweir\u00e4drigen Vehikeln&lt;Snowboardliebender karatek\u00e4mpfender Drachent\u00f6terIhre Lieblichkeit Prinzessin Angelika I. Edle Erstgeborene aus dem Hause R\u00fcbenakLiebliche Konstrukteurin eleganter Burgen und Schl\u00f6sserSnowboardende Basketballerin die skifahrendem Moderator Rede &hellip; <\/p>\n<p class=\"link-more\"><a href=\"https:\/\/nollatruellar.at\/cms\/unsere-altprinzessinnenpaare\/2011-michael-angelika\/\" class=\"more-link\"><span class=\"screen-reader-text\">\u201e2011 &#8211; \u00a0Michael &#038; Angelika\u201c<\/span> weiterlesen<\/a><\/p>\n","protected":false},"author":1,"featured_media":0,"parent":579,"menu_order":0,"comment_status":"closed","ping_status":"closed","template":"","meta":{"footnotes":""},"class_list":["post-112","page","type-page","status-publish","hentry"],"_links":{"self":[{"href":"https:\/\/nollatruellar.at\/cms\/wp-json\/wp\/v2\/pages\/112","targetHints":{"allow":["GET"]}}],"collection":[{"href":"https:\/\/nollatruellar.at\/cms\/wp-json\/wp\/v2\/pages"}],"about":[{"href":"https:\/\/nollatruellar.at\/cms\/wp-json\/wp\/v2\/types\/page"}],"author":[{"embeddable":true,"href":"https:\/\/nollatruellar.at\/cms\/wp-json\/wp\/v2\/users\/1"}],"replies":[{"embeddable":true,"href":"https:\/\/nollatruellar.at\/cms\/wp-json\/wp\/v2\/comments?post=112"}],"version-history":[{"count":1,"href":"https:\/\/nollatruellar.at\/cms\/wp-json\/wp\/v2\/pages\/112\/revisions"}],"predecessor-version":[{"id":113,"href":"https:\/\/nollatruellar.at\/cms\/wp-json\/wp\/v2\/pages\/112\/revisions\/113"}],"up":[{"embeddable":true,"href":"https:\/\/nollatruellar.at\/cms\/wp-json\/wp\/v2\/pages\/579"}],"wp:attachment":[{"href":"https:\/\/nollatruellar.at\/cms\/wp-json\/wp\/v2\/media?parent=112"}],"curies":[{"name":"wp","href":"https:\/\/api.w.org\/{rel}","templated":true}]}}