{"id":110,"date":"2022-02-24T17:33:11","date_gmt":"2022-02-24T17:33:11","guid":{"rendered":"https:\/\/nollatruellar.at\/cms\/?page_id=110"},"modified":"2024-11-14T13:12:52","modified_gmt":"2024-11-14T13:12:52","slug":"2010-thomas-julia","status":"publish","type":"page","link":"https:\/\/nollatruellar.at\/cms\/unsere-altprinzessinnenpaare\/2010-thomas-julia\/","title":{"rendered":"2010 &#8211; Thomas &#038; Julia"},"content":{"rendered":"\n<div class=\"wp-block-image\"><figure class=\"aligncenter size-full\"><img loading=\"lazy\" decoding=\"async\" width=\"400\" height=\"577\" src=\"https:\/\/nollatruellar.at\/cms\/wp-content\/uploads\/2022\/02\/2010_ThomasJulia.jpg\" alt=\"2010 - Thomas &amp; Julia\" class=\"wp-image-44\" srcset=\"https:\/\/nollatruellar.at\/cms\/wp-content\/uploads\/2022\/02\/2010_ThomasJulia.jpg 400w, https:\/\/nollatruellar.at\/cms\/wp-content\/uploads\/2022\/02\/2010_ThomasJulia-208x300.jpg 208w\" sizes=\"auto, (max-width: 400px) 100vw, 400px\" \/><figcaption>2010 &#8211; Thomas &#038; Julia<\/figcaption><\/figure><\/div>\n\n\n\n<p><strong>Zar Thomas II., Nollatr\u00fcllar XV.<\/strong><\/p>\n\n\n\n<p>Edler Erstgeborener aus Tr\u00fcbenbach<br>Virtuoser Herrscher \u00fcber Pauken und Stabspiele<br>Heimatverbundener Flegmat, der auch seine Weltreise tat<br>Beherzter Regent \u00fcber das Wappen des Zaren Adlers,<br>sowie der Heimat und dem Volke<\/p>\n\n\n\n<p><strong>Ihre Lieblichkeit Zarin Julia I.<\/strong><\/p>\n\n\n\n<p>Edle Erstgeborene aus dem Hause Hermann, Harder Geschlechts<br>Wechselhafte, gez\u00e4hmte Herrscherin \u00fcber R\u00f6sser, Zar und Hund<br>Tiefgr\u00fcndige Anw\u00e4rterin der Fluher Gefielde<br>Zarin der verspielten Blicke und wallender M\u00e4hne,<br>mit Hang zu Schottischen Spirituosen und erlesenem, unerschwinglichen Tabak<\/p>\n","protected":false},"excerpt":{"rendered":"<p>Zar Thomas II., Nollatr\u00fcllar XV. Edler Erstgeborener aus Tr\u00fcbenbachVirtuoser Herrscher \u00fcber Pauken und StabspieleHeimatverbundener Flegmat, der auch seine Weltreise tatBeherzter Regent \u00fcber das Wappen des Zaren Adlers,sowie der Heimat und dem Volke Ihre Lieblichkeit Zarin Julia I. Edle Erstgeborene aus dem Hause Hermann, Harder GeschlechtsWechselhafte, gez\u00e4hmte Herrscherin \u00fcber R\u00f6sser, Zar und HundTiefgr\u00fcndige Anw\u00e4rterin der Fluher &hellip; <\/p>\n<p class=\"link-more\"><a href=\"https:\/\/nollatruellar.at\/cms\/unsere-altprinzessinnenpaare\/2010-thomas-julia\/\" class=\"more-link\"><span class=\"screen-reader-text\">\u201e2010 &#8211; Thomas &#038; Julia\u201c<\/span> weiterlesen<\/a><\/p>\n","protected":false},"author":1,"featured_media":0,"parent":579,"menu_order":0,"comment_status":"closed","ping_status":"closed","template":"","meta":{"footnotes":""},"class_list":["post-110","page","type-page","status-publish","hentry"],"_links":{"self":[{"href":"https:\/\/nollatruellar.at\/cms\/wp-json\/wp\/v2\/pages\/110","targetHints":{"allow":["GET"]}}],"collection":[{"href":"https:\/\/nollatruellar.at\/cms\/wp-json\/wp\/v2\/pages"}],"about":[{"href":"https:\/\/nollatruellar.at\/cms\/wp-json\/wp\/v2\/types\/page"}],"author":[{"embeddable":true,"href":"https:\/\/nollatruellar.at\/cms\/wp-json\/wp\/v2\/users\/1"}],"replies":[{"embeddable":true,"href":"https:\/\/nollatruellar.at\/cms\/wp-json\/wp\/v2\/comments?post=110"}],"version-history":[{"count":1,"href":"https:\/\/nollatruellar.at\/cms\/wp-json\/wp\/v2\/pages\/110\/revisions"}],"predecessor-version":[{"id":111,"href":"https:\/\/nollatruellar.at\/cms\/wp-json\/wp\/v2\/pages\/110\/revisions\/111"}],"up":[{"embeddable":true,"href":"https:\/\/nollatruellar.at\/cms\/wp-json\/wp\/v2\/pages\/579"}],"wp:attachment":[{"href":"https:\/\/nollatruellar.at\/cms\/wp-json\/wp\/v2\/media?parent=110"}],"curies":[{"name":"wp","href":"https:\/\/api.w.org\/{rel}","templated":true}]}}