{"id":108,"date":"2022-02-24T17:31:29","date_gmt":"2022-02-24T17:31:29","guid":{"rendered":"https:\/\/nollatruellar.at\/cms\/?page_id=108"},"modified":"2024-11-14T13:12:44","modified_gmt":"2024-11-14T13:12:44","slug":"2009-guenther-sandra","status":"publish","type":"page","link":"https:\/\/nollatruellar.at\/cms\/unsere-altprinzessinnenpaare\/2009-guenther-sandra\/","title":{"rendered":"2009 &#8211; G\u00fcnther &#038; Sandra"},"content":{"rendered":"\n<div class=\"wp-block-image\"><figure class=\"aligncenter size-full\"><img loading=\"lazy\" decoding=\"async\" width=\"400\" height=\"577\" src=\"https:\/\/nollatruellar.at\/cms\/wp-content\/uploads\/2022\/02\/2009_GuentherSandra.jpg\" alt=\"2009 - G\u00fcnther &amp; Sandra\" class=\"wp-image-43\" srcset=\"https:\/\/nollatruellar.at\/cms\/wp-content\/uploads\/2022\/02\/2009_GuentherSandra.jpg 400w, https:\/\/nollatruellar.at\/cms\/wp-content\/uploads\/2022\/02\/2009_GuentherSandra-208x300.jpg 208w\" sizes=\"auto, (max-width: 400px) 100vw, 400px\" \/><figcaption>2009 &#8211; G\u00fcnther &#038; Sandra<\/figcaption><\/figure><\/div>\n\n\n\n<p><strong>Prinz G\u00fcnther I., Nollatr\u00fcllar XIV.<\/strong><\/p>\n\n\n\n<p>Edler Spross von Brittenh\u00fctten<br>Herrscher \u00fcber Ziegel, Beton und Kelle<br>Feuerl\u00f6schender, Atem(Schutz) beraubender,<br>3-fach Ferraribesitzender Tubist<br>Kinderliebender, sp\u00e4\u00dfemachender, Vizeoberhaupttr\u00fcllar<br>Regent der guggenden Tr\u00fcllarschaft<\/p>\n\n\n\n<p><strong>Ihre Lieblichkeit Prinzessin Sandra I.<\/strong><\/p>\n\n\n\n<p>Edle derer vom Giggelstein zu Brittenh\u00fctten<br>Pinselschwingende, drahtverbiegende, Woodblockspielerin<br>Rassige H\u00fcterin des herrschaftlichen Anwesens<br>Pflegende Meisterin \u00fcber Spritzen und Tabletten<br>Herzhafte Genie\u00dferin edler Tropfen<br><br>sowie die Kronprinzessinnen Nina-Josefina und Martina<\/p>\n","protected":false},"excerpt":{"rendered":"<p>Prinz G\u00fcnther I., Nollatr\u00fcllar XIV. Edler Spross von Brittenh\u00fcttenHerrscher \u00fcber Ziegel, Beton und KelleFeuerl\u00f6schender, Atem(Schutz) beraubender,3-fach Ferraribesitzender TubistKinderliebender, sp\u00e4\u00dfemachender, Vizeoberhaupttr\u00fcllarRegent der guggenden Tr\u00fcllarschaft Ihre Lieblichkeit Prinzessin Sandra I. Edle derer vom Giggelstein zu Brittenh\u00fcttenPinselschwingende, drahtverbiegende, WoodblockspielerinRassige H\u00fcterin des herrschaftlichen AnwesensPflegende Meisterin \u00fcber Spritzen und TablettenHerzhafte Genie\u00dferin edler Tropfen sowie die Kronprinzessinnen Nina-Josefina und Martina<\/p>\n","protected":false},"author":1,"featured_media":0,"parent":579,"menu_order":0,"comment_status":"closed","ping_status":"closed","template":"","meta":{"footnotes":""},"class_list":["post-108","page","type-page","status-publish","hentry"],"_links":{"self":[{"href":"https:\/\/nollatruellar.at\/cms\/wp-json\/wp\/v2\/pages\/108","targetHints":{"allow":["GET"]}}],"collection":[{"href":"https:\/\/nollatruellar.at\/cms\/wp-json\/wp\/v2\/pages"}],"about":[{"href":"https:\/\/nollatruellar.at\/cms\/wp-json\/wp\/v2\/types\/page"}],"author":[{"embeddable":true,"href":"https:\/\/nollatruellar.at\/cms\/wp-json\/wp\/v2\/users\/1"}],"replies":[{"embeddable":true,"href":"https:\/\/nollatruellar.at\/cms\/wp-json\/wp\/v2\/comments?post=108"}],"version-history":[{"count":1,"href":"https:\/\/nollatruellar.at\/cms\/wp-json\/wp\/v2\/pages\/108\/revisions"}],"predecessor-version":[{"id":109,"href":"https:\/\/nollatruellar.at\/cms\/wp-json\/wp\/v2\/pages\/108\/revisions\/109"}],"up":[{"embeddable":true,"href":"https:\/\/nollatruellar.at\/cms\/wp-json\/wp\/v2\/pages\/579"}],"wp:attachment":[{"href":"https:\/\/nollatruellar.at\/cms\/wp-json\/wp\/v2\/media?parent=108"}],"curies":[{"name":"wp","href":"https:\/\/api.w.org\/{rel}","templated":true}]}}