{"id":106,"date":"2022-02-24T17:29:30","date_gmt":"2022-02-24T17:29:30","guid":{"rendered":"https:\/\/nollatruellar.at\/cms\/?page_id=106"},"modified":"2024-11-14T13:16:14","modified_gmt":"2024-11-14T13:16:14","slug":"2008-gerhard-beate","status":"publish","type":"page","link":"https:\/\/nollatruellar.at\/cms\/unsere-altprinzessinnenpaare\/2008-gerhard-beate\/","title":{"rendered":"2008 &#8211; Gerhard &#038; Beate"},"content":{"rendered":"\n<div class=\"wp-block-image\"><figure class=\"aligncenter size-full\"><img loading=\"lazy\" decoding=\"async\" width=\"400\" height=\"577\" src=\"https:\/\/nollatruellar.at\/cms\/wp-content\/uploads\/2022\/02\/2008_GerhardBeate.jpg\" alt=\"2008 - Gerhard &amp; Beate\" class=\"wp-image-42\" srcset=\"https:\/\/nollatruellar.at\/cms\/wp-content\/uploads\/2022\/02\/2008_GerhardBeate.jpg 400w, https:\/\/nollatruellar.at\/cms\/wp-content\/uploads\/2022\/02\/2008_GerhardBeate-208x300.jpg 208w\" sizes=\"auto, (max-width: 400px) 100vw, 400px\" \/><figcaption>2008 &#8211; Gerhard &#038; Beate<\/figcaption><\/figure><\/div>\n\n\n\n<p><strong>Prinz Gerhard I., Nollatr\u00fcllar XIII.<\/strong><\/p>\n\n\n\n<p>Edler 4. geborener von Sch\u00fclan<br>Sterngeschm\u00fcckter W\u00e4chter der brandsch\u00fctzenden Uniformen<br>Eifriges Dienstagsrundemitglied mit gelegentlichem Achtelenickerle am Stammtisch<br>Edelster stahlverarbeitender Spenglermeister\u00a0mit der Gabe glaubw\u00fcrdig bezirksamtliche Schreiben zu verfassen. <\/p>\n\n\n\n<p><strong>Ihre Lieblichkeit Prinzessin Beate I.<\/strong><\/p>\n\n\n\n<p>Hochwohlgeborene Bad Diezlingerin aus Heribrand<br>Schwei\u00dftreibende Vorturnerin der Damenriege<br>mit anschlie\u00dfendem Sitzfleischtraining im Saloon<br>Hohe R\u00e4tin der Pfarre mit exzellenten Torten f\u00fcr jeden Anlass<br>Edle Herrscherin \u00fcber feinstes Leder und modernstes Schuhwerk<br>sowie Kronprinz Daniel und Prinzessin Franziska<\/p>\n","protected":false},"excerpt":{"rendered":"<p>Prinz Gerhard I., Nollatr\u00fcllar XIII. Edler 4. geborener von Sch\u00fclanSterngeschm\u00fcckter W\u00e4chter der brandsch\u00fctzenden UniformenEifriges Dienstagsrundemitglied mit gelegentlichem Achtelenickerle am StammtischEdelster stahlverarbeitender Spenglermeister\u00a0mit der Gabe glaubw\u00fcrdig bezirksamtliche Schreiben zu verfassen. Ihre Lieblichkeit Prinzessin Beate I. Hochwohlgeborene Bad Diezlingerin aus HeribrandSchwei\u00dftreibende Vorturnerin der Damenriegemit anschlie\u00dfendem Sitzfleischtraining im SaloonHohe R\u00e4tin der Pfarre mit exzellenten Torten f\u00fcr jeden AnlassEdle &hellip; <\/p>\n<p class=\"link-more\"><a href=\"https:\/\/nollatruellar.at\/cms\/unsere-altprinzessinnenpaare\/2008-gerhard-beate\/\" class=\"more-link\"><span class=\"screen-reader-text\">\u201e2008 &#8211; Gerhard &#038; Beate\u201c<\/span> weiterlesen<\/a><\/p>\n","protected":false},"author":1,"featured_media":0,"parent":579,"menu_order":0,"comment_status":"closed","ping_status":"closed","template":"","meta":{"footnotes":""},"class_list":["post-106","page","type-page","status-publish","hentry"],"_links":{"self":[{"href":"https:\/\/nollatruellar.at\/cms\/wp-json\/wp\/v2\/pages\/106","targetHints":{"allow":["GET"]}}],"collection":[{"href":"https:\/\/nollatruellar.at\/cms\/wp-json\/wp\/v2\/pages"}],"about":[{"href":"https:\/\/nollatruellar.at\/cms\/wp-json\/wp\/v2\/types\/page"}],"author":[{"embeddable":true,"href":"https:\/\/nollatruellar.at\/cms\/wp-json\/wp\/v2\/users\/1"}],"replies":[{"embeddable":true,"href":"https:\/\/nollatruellar.at\/cms\/wp-json\/wp\/v2\/comments?post=106"}],"version-history":[{"count":1,"href":"https:\/\/nollatruellar.at\/cms\/wp-json\/wp\/v2\/pages\/106\/revisions"}],"predecessor-version":[{"id":107,"href":"https:\/\/nollatruellar.at\/cms\/wp-json\/wp\/v2\/pages\/106\/revisions\/107"}],"up":[{"embeddable":true,"href":"https:\/\/nollatruellar.at\/cms\/wp-json\/wp\/v2\/pages\/579"}],"wp:attachment":[{"href":"https:\/\/nollatruellar.at\/cms\/wp-json\/wp\/v2\/media?parent=106"}],"curies":[{"name":"wp","href":"https:\/\/api.w.org\/{rel}","templated":true}]}}