{"id":104,"date":"2022-02-24T17:27:04","date_gmt":"2022-02-24T17:27:04","guid":{"rendered":"https:\/\/nollatruellar.at\/cms\/?page_id=104"},"modified":"2024-11-14T13:12:36","modified_gmt":"2024-11-14T13:12:36","slug":"2007-thomas-marion","status":"publish","type":"page","link":"https:\/\/nollatruellar.at\/cms\/unsere-altprinzessinnenpaare\/2007-thomas-marion\/","title":{"rendered":"2007 -Thomas I.  &amp; Marion I."},"content":{"rendered":"<div class=\"wp-block-image\">\n<figure class=\"aligncenter size-full is-resized\"><img loading=\"lazy\" decoding=\"async\" width=\"1600\" height=\"1200\" src=\"https:\/\/nollatruellar.at\/cms\/wp-content\/uploads\/2024\/11\/DSCN3715.jpg\" alt=\"\" class=\"wp-image-535\" style=\"width:564px;height:auto\" srcset=\"https:\/\/nollatruellar.at\/cms\/wp-content\/uploads\/2024\/11\/DSCN3715.jpg 1600w, https:\/\/nollatruellar.at\/cms\/wp-content\/uploads\/2024\/11\/DSCN3715-300x225.jpg 300w, https:\/\/nollatruellar.at\/cms\/wp-content\/uploads\/2024\/11\/DSCN3715-1024x768.jpg 1024w, https:\/\/nollatruellar.at\/cms\/wp-content\/uploads\/2024\/11\/DSCN3715-768x576.jpg 768w, https:\/\/nollatruellar.at\/cms\/wp-content\/uploads\/2024\/11\/DSCN3715-1536x1152.jpg 1536w\" sizes=\"auto, (max-width: 767px) 89vw, (max-width: 1000px) 54vw, (max-width: 1071px) 543px, 580px\" \/><figcaption class=\"wp-element-caption\">2007 &#8211; Thomas &amp; Marion<\/figcaption><\/figure>\n<\/div>\n\n\n<figure class=\"wp-block-image size-full\"><img loading=\"lazy\" decoding=\"async\" width=\"1600\" height=\"1200\" src=\"https:\/\/nollatruellar.at\/cms\/wp-content\/uploads\/2024\/11\/PICT4979.jpg\" alt=\"\" class=\"wp-image-539\" srcset=\"https:\/\/nollatruellar.at\/cms\/wp-content\/uploads\/2024\/11\/PICT4979.jpg 1600w, https:\/\/nollatruellar.at\/cms\/wp-content\/uploads\/2024\/11\/PICT4979-300x225.jpg 300w, https:\/\/nollatruellar.at\/cms\/wp-content\/uploads\/2024\/11\/PICT4979-1024x768.jpg 1024w, https:\/\/nollatruellar.at\/cms\/wp-content\/uploads\/2024\/11\/PICT4979-768x576.jpg 768w, https:\/\/nollatruellar.at\/cms\/wp-content\/uploads\/2024\/11\/PICT4979-1536x1152.jpg 1536w\" sizes=\"auto, (max-width: 767px) 89vw, (max-width: 1000px) 54vw, (max-width: 1071px) 543px, 580px\" \/><figcaption class=\"wp-element-caption\">MINOLTA DIGITAL CAMERA<\/figcaption><\/figure>\n\n\n\n<p><strong>Prinz Thomas I., Karl III., Nollatr\u00fcllar XII.<\/strong><\/p>\n\n\n\n<p>Herrscher \u00fcber Drahtesel und Ski<br>Sch\u00f6pfer edler Kunststoffflakons<br>Charmanter Tr\u00e4ger des goldenen Metaxasterns<br>Sportlicher Eroberer der heimischen H\u00fcgel<br>Chicer Klarinettist im bet\u00f6renden Outfit<\/p>\n\n\n\n<p><strong>Ihre Lieblichkeit Prinzessin Marion Maria I.<\/strong><\/p>\n\n\n\n<p>Begeisterte Regentin im Zwergenstaat<br>Schneidige Marketenderin der Zwergenkapelle<br>Temperamentvolle Oberbefehlshaberin \u00fcber die n\u00e4rrischen Tr\u00fcllar<br>Passives Aktivmitglied s\u00e4mtlicher Sportvereine<br>mit ausgepr\u00e4gter Vorliebe f\u00fcr den Adlerstammtisch<\/p>\n","protected":false},"excerpt":{"rendered":"<p>Prinz Thomas I., Karl III., Nollatr\u00fcllar XII. Herrscher \u00fcber Drahtesel und SkiSch\u00f6pfer edler KunststoffflakonsCharmanter Tr\u00e4ger des goldenen MetaxasternsSportlicher Eroberer der heimischen H\u00fcgelChicer Klarinettist im bet\u00f6renden Outfit Ihre Lieblichkeit Prinzessin Marion Maria I. Begeisterte Regentin im ZwergenstaatSchneidige Marketenderin der ZwergenkapelleTemperamentvolle Oberbefehlshaberin \u00fcber die n\u00e4rrischen Tr\u00fcllarPassives Aktivmitglied s\u00e4mtlicher Sportvereinemit ausgepr\u00e4gter Vorliebe f\u00fcr den Adlerstammtisch<\/p>\n","protected":false},"author":1,"featured_media":0,"parent":579,"menu_order":0,"comment_status":"closed","ping_status":"closed","template":"","meta":{"footnotes":""},"class_list":["post-104","page","type-page","status-publish","hentry"],"_links":{"self":[{"href":"https:\/\/nollatruellar.at\/cms\/wp-json\/wp\/v2\/pages\/104","targetHints":{"allow":["GET"]}}],"collection":[{"href":"https:\/\/nollatruellar.at\/cms\/wp-json\/wp\/v2\/pages"}],"about":[{"href":"https:\/\/nollatruellar.at\/cms\/wp-json\/wp\/v2\/types\/page"}],"author":[{"embeddable":true,"href":"https:\/\/nollatruellar.at\/cms\/wp-json\/wp\/v2\/users\/1"}],"replies":[{"embeddable":true,"href":"https:\/\/nollatruellar.at\/cms\/wp-json\/wp\/v2\/comments?post=104"}],"version-history":[{"count":3,"href":"https:\/\/nollatruellar.at\/cms\/wp-json\/wp\/v2\/pages\/104\/revisions"}],"predecessor-version":[{"id":540,"href":"https:\/\/nollatruellar.at\/cms\/wp-json\/wp\/v2\/pages\/104\/revisions\/540"}],"up":[{"embeddable":true,"href":"https:\/\/nollatruellar.at\/cms\/wp-json\/wp\/v2\/pages\/579"}],"wp:attachment":[{"href":"https:\/\/nollatruellar.at\/cms\/wp-json\/wp\/v2\/media?parent=104"}],"curies":[{"name":"wp","href":"https:\/\/api.w.org\/{rel}","templated":true}]}}